{"id":3089,"date":"2021-01-21T19:56:37","date_gmt":"2021-01-21T18:56:37","guid":{"rendered":"https:\/\/geistconsultancy.com\/dienstleistungen\/valoracion-conocimiento"},"modified":"2021-07-29T12:00:37","modified_gmt":"2021-07-29T10:00:37","slug":"wissensbewertung","status":"publish","type":"page","link":"https:\/\/geistconsultancy.com\/de\/dienstleistungen\/wissensbewertung","title":{"rendered":"Wissensbewertung"},"content":{"rendered":"<section class=\"wpb-content-wrapper\"><p>[vc_row content_placement=&#8221;top&#8221; nav_skin=&#8221;light&#8221; consent_include=&#8221;include&#8221; equal_height=&#8221;true&#8221; el_design=&#8221;{&#8220;mobile_portrait&#8220;:{&#8220;padding-top&#8220;:&#8220;125&#8220;},&#8220;mobile_landscape&#8220;:{&#8220;padding-top&#8220;:&#8220;125&#8220;},&#8220;tablet_portrait&#8220;:{&#8220;padding-top&#8220;:&#8220;170&#8220;},&#8220;tablet_landscape&#8220;:{&#8220;padding-top&#8220;:&#8220;150&#8220;},&#8220;desktop&#8220;:{&#8220;padding-top&#8220;:&#8220;200&#8220;,&#8220;padding-bottom&#8220;:&#8220;-&#8220;}}&#8221; custom_bg_color=&#8221;{&#8220;solid&#8220;:{&#8220;id&#8220;:&#8220;Light background&#8220;,&#8220;color&#8220;:&#8220;#f9fafb&#8220;}}&#8221;][vc_column el_design=&#8221;{&#8220;desktop&#8220;:{&#8220;padding-top&#8220;:&#8220;0&#8220;,&#8220;padding-right&#8220;:&#8220;15&#8220;,&#8220;padding-bottom&#8220;:&#8220;15&#8220;,&#8220;padding-left&#8220;:&#8220;15&#8220;}}&#8221; css_animation=&#8221;&#8221;][vc_heading heading_text=&#8221;Wissensbewertung&#8221; heading_wrapper=&#8221;h1&#8243; heading_typography=&#8221;{&#8220;variants&#8220;:&#8220;200&#8220;,&#8220;font_size&#8220;:&#8220;40px&#8220;,&#8220;letter_spacing&#8220;:&#8220;0em&#8220;}&#8221; responsiveness=&#8221;yes&#8221; tablet_portrait=&#8221;90&#8243; mobile_landscape=&#8221;80&#8243; mobile_portrait=&#8221;70&#8243; css_animation=&#8221;&#8221;][\/vc_column][\/vc_row][vc_row content_placement=&#8221;top&#8221; custom_bg_type=&#8221;image&#8221; custom_bg_cover=&#8221;contain&#8221; custom_bg_repeat=&#8221;no-repeat&#8221; custom_bg_position=&#8221;Center top&#8221; nav_skin=&#8221;light&#8221; consent_include=&#8221;include&#8221; equal_height=&#8221;true&#8221; el_design=&#8221;{&#8220;desktop&#8220;:{&#8220;padding-bottom&#8220;:&#8220;60&#8220;}}&#8221; custom_bg_color=&#8221;{&#8220;solid&#8220;:{&#8220;id&#8220;:&#8220;Light background&#8220;,&#8220;color&#8220;:&#8220;#f9fafb&#8220;}}&#8221; custom_bg_image=&#8221;2387&#8243;][vc_column el_design=&#8221;{&#8220;desktop&#8220;:{&#8220;padding-top&#8220;:&#8220;15&#8220;,&#8220;padding-right&#8220;:&#8220;15&#8220;,&#8220;padding-bottom&#8220;:&#8220;15&#8220;,&#8220;padding-left&#8220;:&#8220;15&#8220;}}&#8221; width=&#8221;1\/2&#8243; css_animation=&#8221;&#8221;][vc_text_element css_animation=&#8221;&#8221;]Was nicht gemessen werden kann, kann nicht gemanagt werden. Ausgehend von dieser These definieren wir bei GEIST gemeinsam mit Ihnen die Indikatoren, die den Zustand Ihrer immateriellen Werte und das Management dieser Werte durch die Organisation am klarsten und pr\u00e4gnantesten darstellen. Dar\u00fcber hinaus helfen wir Ihnen, die Daten dieser Indikatoren zu interpretieren, um jederzeit die richtigen Informationen zu erhalten, auf die SieIihre zuk\u00fcnftigen Entscheidungen st\u00fctzen k\u00f6nnen.<\/p>\n<p>Wir verwenden international anerkannte Methoden, um Ihnen dabei zu helfen, den Wert ihrer immateriellen Verm\u00f6genswerte zu quantifizieren. Dies verhilft Ihnen den Beitrag zu verstehen, den das Wissensmanagement kurzfristig zur Gewinnsteigerung und mittel- und langfristig zur Nachhaltigkeit der Organisation leistet.[\/vc_text_element][vc_empty_space][vc_button_link title=&#8221;Die theoretischen Aspekte dieses Moduls ansehen&#8221; link_decoration=&#8221;underline&#8221; link_arrow=&#8221;arrow_right&#8221; size=&#8221;6&#8243; display=&#8221;display_block&#8221; icon_pos=&#8221;icon-left&#8221; css_animation=&#8221;wtbx-anim-fade-in&#8221; css_animation_easing=&#8221;wtbx_easing-natural&#8221; css_animation_duration=&#8221;wtbx-duration-1000&#8243; css_animation_delay=&#8221;&#8221; link=&#8221;url:%2Fde%2Fwissensmanagement%2Forganisational%23auswerten|title:Wissensbewertung&#8221; icon=&#8221;{&#8220;font&#8220;:&#8220;scape-basic&#8220;,&#8220;icon&#8220;:&#8220;scape-basic-Add&#8220;}&#8221; link_color=&#8221;{&#8220;id&#8220;:&#8220;custom_color&#8220;,&#8220;color&#8220;:&#8220;rgba(89,47,147,1)&#8220;}&#8221;][\/vc_column][vc_column width=&#8221;1\/2&#8243; css_animation=&#8221;&#8221;][vc_testimonial_slider style=&#8221;style_3&#8243; navigation_skin=&#8221;light&#8221; pagination=&#8221;style_1&#8243; pagination_skin=&#8221;light&#8221; hide_nav=&#8221;true&#8221; autoplay=&#8221;10&#8243; stop_hover=&#8221;true&#8221; el_class=&#8221;servicio-8&#8243;][vc_testimonial_slide referee=&#8221;person&#8221; author_name=&#8221;Buddha&#8221; author_occupation=&#8221;Begr\u00fcnder des Buddhismus&#8221; name=&#8221;John Martin&#8221; position=&#8221;Developer&#8221;]&#8221;Es gibt keinen Reichtum wie das Wissen, und keine Armut wie die Unwissenheit.&#8221;[\/vc_testimonial_slide][vc_testimonial_slide referee=&#8221;person&#8221; author_name=&#8221;Francis Bacon&#8221; author_occupation=&#8221;Philosoph, Staatsmann und Wissenschaftler&#8221; name=&#8221;Richard Smith&#8221; position=&#8221;Designer&#8221;]&#8221;<em>Scientia potentia est: Wissen ist Macht<\/em>.&#8221;[\/vc_testimonial_slide][vc_testimonial_slide referee=&#8221;person&#8221; author_name=&#8221;John Plamenatz&#8221; author_occupation=&#8221;Politischer Philosoph&#8221; title=&#8221;Secci\u00f3n&#8221;]&#8221;Der Schatz der Weisheit besteht nicht aus harten M\u00fcnzen, die ihre Form behalten, wenn sie von Hand wandern; er besteht aus Ideen und Lehren, deren Bedeutung sich ver\u00e4ndert, mit den K\u00f6pfen, in denen sie wohnen.&#8221;[\/vc_testimonial_slide][\/vc_testimonial_slider][\/vc_column][\/vc_row][vc_row nav_skin=&#8221;light&#8221; consent_include=&#8221;include&#8221;][vc_column css_animation=&#8221;&#8221;][vc_content_block block=&#8221;1402&#8243;][\/vc_column][\/vc_row][vc_row row_width=&#8221;wtbx_stretch_row_content&#8221; nav_skin=&#8221;light&#8221; consent_include=&#8221;include&#8221;][vc_column el_design=&#8221;{&#8220;desktop&#8220;:{&#8220;padding-top&#8220;:&#8220;0&#8220;,&#8220;padding-right&#8220;:&#8220;0&#8220;,&#8220;padding-bottom&#8220;:&#8220;0&#8220;,&#8220;padding-left&#8220;:&#8220;0&#8220;}}&#8221; css_animation=&#8221;&#8221;][vc_content_block block=&#8221;1076&#8243;][\/vc_column][\/vc_row]<\/p>\n<\/section>","protected":false},"excerpt":{"rendered":"<p>[vc_row content_placement=&#8221;top&#8221; nav_skin=&#8221;light&#8221; consent_include=&#8221;include&#8221; equal_height=&#8221;true&#8221; el_design=&#8221;{&#8220;mobile_portrait&#8220;:{&#8220;padding-top&#8220;:&#8220;125&#8220;},&#8220;mobile_landscape&#8220;:{&#8220;padding-top&#8220;:&#8220;125&#8220;},&#8220;tablet_portrait&#8220;:{&#8220;padding-top&#8220;:&#8220;170&#8220;},&#8220;tablet_landscape&#8220;:{&#8220;padding-top&#8220;:&#8220;150&#8220;},&#8220;desktop&#8220;:{&#8220;padding-top&#8220;:&#8220;200&#8220;,&#8220;padding-bottom&#8220;:&#8220;-&#8220;}}&#8221; custom_bg_color=&#8221;{&#8220;solid&#8220;:{&#8220;id&#8220;:&#8220;Light background&#8220;,&#8220;color&#8220;:&#8220;#f9fafb&#8220;}}&#8221;][vc_column el_design=&#8221;{&#8220;desktop&#8220;:{&#8220;padding-top&#8220;:&#8220;0&#8220;,&#8220;padding-right&#8220;:&#8220;15&#8220;,&#8220;padding-bottom&#8220;:&#8220;15&#8220;,&#8220;padding-left&#8220;:&#8220;15&#8220;}}&#8221; css_animation=&#8221;&#8221;][vc_heading heading_text=&#8221;Wissensbewertung&#8221; heading_wrapper=&#8221;h1&#8243; heading_typography=&#8221;{&#8220;variants&#8220;:&#8220;200&#8220;,&#8220;font_size&#8220;:&#8220;40px&#8220;,&#8220;letter_spacing&#8220;:&#8220;0em&#8220;}&#8221; responsiveness=&#8221;yes&#8221; tablet_portrait=&#8221;90&#8243; mobile_landscape=&#8221;80&#8243; mobile_portrait=&#8221;70&#8243; css_animation=&#8221;&#8221;][\/vc_column][\/vc_row][vc_row content_placement=&#8221;top&#8221; custom_bg_type=&#8221;image&#8221; custom_bg_cover=&#8221;contain&#8221; custom_bg_repeat=&#8221;no-repeat&#8221; custom_bg_position=&#8221;Center top&#8221; nav_skin=&#8221;light&#8221; consent_include=&#8221;include&#8221; equal_height=&#8221;true&#8221; el_design=&#8221;{&#8220;desktop&#8220;:{&#8220;padding-bottom&#8220;:&#8220;60&#8220;}}&#8221; custom_bg_color=&#8221;{&#8220;solid&#8220;:{&#8220;id&#8220;:&#8220;Light background&#8220;,&#8220;color&#8220;:&#8220;#f9fafb&#8220;}}&#8221; custom_bg_image=&#8221;2387&#8243;][vc_column el_design=&#8221;{&#8220;desktop&#8220;:{&#8220;padding-top&#8220;:&#8220;15&#8220;,&#8220;padding-right&#8220;:&#8220;15&#8220;,&#8220;padding-bottom&#8220;:&#8220;15&#8220;,&#8220;padding-left&#8220;:&#8220;15&#8220;}}&#8221; width=&#8221;1\/2&#8243; css_animation=&#8221;&#8221;][vc_text_element css_animation=&#8221;&#8221;]Was nicht gemessen werden kann, kann nicht gemanagt werden. Ausgehend von dieser These definieren wir bei GEIST gemeinsam mit Ihnen die Indikatoren, die den Zustand Ihrer immateriellen Werte und das Management dieser Werte durch die Organisation am klarsten und pr\u00e4gnantesten darstellen. [&hellip;]<\/p>\n","protected":false},"author":2,"featured_media":0,"parent":3057,"menu_order":8,"comment_status":"closed","ping_status":"closed","template":"","meta":{"footnotes":""},"yoast_head":"<!-- This site is optimized with the Yoast SEO plugin v21.5 - https:\/\/yoast.com\/wordpress\/plugins\/seo\/ -->\n<title>Wissensbewertung | Wissensmanagement<\/title>\n<meta name=\"description\" content=\"Wir definieren die Messwerte, die auf die optimale Art und Weise den Zustand der immateriellen Werte und deren Verwaltung in Organisationen zeigen.\" \/>\n<meta name=\"robots\" content=\"index, follow, max-snippet:-1, max-image-preview:large, max-video-preview:-1\" \/>\n<link rel=\"canonical\" href=\"https:\/\/geistconsultancy.com\/de\/dienstleistungen\/wissensbewertung\" \/>\n<meta property=\"og:locale\" content=\"de_DE\" \/>\n<meta property=\"og:type\" content=\"article\" \/>\n<meta property=\"og:title\" content=\"Wissensbewertung | Wissensmanagement\" \/>\n<meta property=\"og:description\" content=\"Wir definieren die Messwerte, die auf die optimale Art und Weise den Zustand der immateriellen Werte und deren Verwaltung in Organisationen zeigen.\" \/>\n<meta property=\"og:url\" content=\"https:\/\/geistconsultancy.com\/de\/dienstleistungen\/wissensbewertung\" \/>\n<meta property=\"og:site_name\" content=\"GEIST Consultancy\" \/>\n<meta property=\"article:modified_time\" content=\"2021-07-29T10:00:37+00:00\" \/>\n<meta name=\"twitter:card\" content=\"summary_large_image\" \/>\n<meta name=\"twitter:label1\" content=\"Gesch\u00e4tzte Lesezeit\" \/>\n\t<meta name=\"twitter:data1\" content=\"2\u00a0Minuten\" \/>\n<script type=\"application\/ld+json\" class=\"yoast-schema-graph\">{\"@context\":\"https:\/\/schema.org\",\"@graph\":[{\"@type\":\"WebPage\",\"@id\":\"https:\/\/geistconsultancy.com\/de\/dienstleistungen\/wissensbewertung\",\"url\":\"https:\/\/geistconsultancy.com\/de\/dienstleistungen\/wissensbewertung\",\"name\":\"Wissensbewertung | Wissensmanagement\",\"isPartOf\":{\"@id\":\"https:\/\/geistconsultancy.com\/#website\"},\"datePublished\":\"2021-01-21T18:56:37+00:00\",\"dateModified\":\"2021-07-29T10:00:37+00:00\",\"description\":\"Wir definieren die Messwerte, die auf die optimale Art und Weise den Zustand der immateriellen Werte und deren Verwaltung in Organisationen zeigen.\",\"breadcrumb\":{\"@id\":\"https:\/\/geistconsultancy.com\/de\/dienstleistungen\/wissensbewertung#breadcrumb\"},\"inLanguage\":\"de\",\"potentialAction\":[{\"@type\":\"ReadAction\",\"target\":[\"https:\/\/geistconsultancy.com\/de\/dienstleistungen\/wissensbewertung\"]}]},{\"@type\":\"BreadcrumbList\",\"@id\":\"https:\/\/geistconsultancy.com\/de\/dienstleistungen\/wissensbewertung#breadcrumb\",\"itemListElement\":[{\"@type\":\"ListItem\",\"position\":1,\"name\":\"Portada\",\"item\":\"https:\/\/geistconsultancy.com\/de\"},{\"@type\":\"ListItem\",\"position\":2,\"name\":\"Dienstleistungen\",\"item\":\"https:\/\/geistconsultancy.com\/de\/dienstleistungen\"},{\"@type\":\"ListItem\",\"position\":3,\"name\":\"Wissensbewertung\"}]},{\"@type\":\"WebSite\",\"@id\":\"https:\/\/geistconsultancy.com\/#website\",\"url\":\"https:\/\/geistconsultancy.com\/\",\"name\":\"GEIST Consultancy\",\"description\":\"Gesti\u00f3n de activos intangibles\",\"potentialAction\":[{\"@type\":\"SearchAction\",\"target\":{\"@type\":\"EntryPoint\",\"urlTemplate\":\"https:\/\/geistconsultancy.com\/?s={search_term_string}\"},\"query-input\":\"required name=search_term_string\"}],\"inLanguage\":\"de\"}]}<\/script>\n<!-- \/ Yoast SEO plugin. -->","yoast_head_json":{"title":"Wissensbewertung | Wissensmanagement","description":"Wir definieren die Messwerte, die auf die optimale Art und Weise den Zustand der immateriellen Werte und deren Verwaltung in Organisationen zeigen.","robots":{"index":"index","follow":"follow","max-snippet":"max-snippet:-1","max-image-preview":"max-image-preview:large","max-video-preview":"max-video-preview:-1"},"canonical":"https:\/\/geistconsultancy.com\/de\/dienstleistungen\/wissensbewertung","og_locale":"de_DE","og_type":"article","og_title":"Wissensbewertung | Wissensmanagement","og_description":"Wir definieren die Messwerte, die auf die optimale Art und Weise den Zustand der immateriellen Werte und deren Verwaltung in Organisationen zeigen.","og_url":"https:\/\/geistconsultancy.com\/de\/dienstleistungen\/wissensbewertung","og_site_name":"GEIST Consultancy","article_modified_time":"2021-07-29T10:00:37+00:00","twitter_card":"summary_large_image","twitter_misc":{"Gesch\u00e4tzte Lesezeit":"2\u00a0Minuten"},"schema":{"@context":"https:\/\/schema.org","@graph":[{"@type":"WebPage","@id":"https:\/\/geistconsultancy.com\/de\/dienstleistungen\/wissensbewertung","url":"https:\/\/geistconsultancy.com\/de\/dienstleistungen\/wissensbewertung","name":"Wissensbewertung | Wissensmanagement","isPartOf":{"@id":"https:\/\/geistconsultancy.com\/#website"},"datePublished":"2021-01-21T18:56:37+00:00","dateModified":"2021-07-29T10:00:37+00:00","description":"Wir definieren die Messwerte, die auf die optimale Art und Weise den Zustand der immateriellen Werte und deren Verwaltung in Organisationen zeigen.","breadcrumb":{"@id":"https:\/\/geistconsultancy.com\/de\/dienstleistungen\/wissensbewertung#breadcrumb"},"inLanguage":"de","potentialAction":[{"@type":"ReadAction","target":["https:\/\/geistconsultancy.com\/de\/dienstleistungen\/wissensbewertung"]}]},{"@type":"BreadcrumbList","@id":"https:\/\/geistconsultancy.com\/de\/dienstleistungen\/wissensbewertung#breadcrumb","itemListElement":[{"@type":"ListItem","position":1,"name":"Portada","item":"https:\/\/geistconsultancy.com\/de"},{"@type":"ListItem","position":2,"name":"Dienstleistungen","item":"https:\/\/geistconsultancy.com\/de\/dienstleistungen"},{"@type":"ListItem","position":3,"name":"Wissensbewertung"}]},{"@type":"WebSite","@id":"https:\/\/geistconsultancy.com\/#website","url":"https:\/\/geistconsultancy.com\/","name":"GEIST Consultancy","description":"Gesti\u00f3n de activos intangibles","potentialAction":[{"@type":"SearchAction","target":{"@type":"EntryPoint","urlTemplate":"https:\/\/geistconsultancy.com\/?s={search_term_string}"},"query-input":"required name=search_term_string"}],"inLanguage":"de"}]}},"_links":{"self":[{"href":"https:\/\/geistconsultancy.com\/de\/wp-json\/wp\/v2\/pages\/3089"}],"collection":[{"href":"https:\/\/geistconsultancy.com\/de\/wp-json\/wp\/v2\/pages"}],"about":[{"href":"https:\/\/geistconsultancy.com\/de\/wp-json\/wp\/v2\/types\/page"}],"author":[{"embeddable":true,"href":"https:\/\/geistconsultancy.com\/de\/wp-json\/wp\/v2\/users\/2"}],"replies":[{"embeddable":true,"href":"https:\/\/geistconsultancy.com\/de\/wp-json\/wp\/v2\/comments?post=3089"}],"version-history":[{"count":5,"href":"https:\/\/geistconsultancy.com\/de\/wp-json\/wp\/v2\/pages\/3089\/revisions"}],"predecessor-version":[{"id":3414,"href":"https:\/\/geistconsultancy.com\/de\/wp-json\/wp\/v2\/pages\/3089\/revisions\/3414"}],"up":[{"embeddable":true,"href":"https:\/\/geistconsultancy.com\/de\/wp-json\/wp\/v2\/pages\/3057"}],"wp:attachment":[{"href":"https:\/\/geistconsultancy.com\/de\/wp-json\/wp\/v2\/media?parent=3089"}],"curies":[{"name":"wp","href":"https:\/\/api.w.org\/{rel}","templated":true}]}}