{"id":3081,"date":"2021-01-21T19:44:49","date_gmt":"2021-01-21T18:44:49","guid":{"rendered":"https:\/\/geistconsultancy.com\/dienstleistungen\/utilizacion-aplicacion-conocimiento"},"modified":"2021-07-29T11:58:49","modified_gmt":"2021-07-29T09:58:49","slug":"nutzung-anwendung-von-wissen","status":"publish","type":"page","link":"https:\/\/geistconsultancy.com\/de\/dienstleistungen\/nutzung-anwendung-von-wissen","title":{"rendered":"Nutzung \/ Anwendung von Wissen"},"content":{"rendered":"<section class=\"wpb-content-wrapper\"><p>[vc_row content_placement=&#8221;top&#8221; nav_skin=&#8221;light&#8221; consent_include=&#8221;include&#8221; equal_height=&#8221;true&#8221; el_design=&#8221;{&#8220;mobile_portrait&#8220;:{&#8220;padding-top&#8220;:&#8220;125&#8220;},&#8220;mobile_landscape&#8220;:{&#8220;padding-top&#8220;:&#8220;125&#8220;},&#8220;tablet_portrait&#8220;:{&#8220;padding-top&#8220;:&#8220;170&#8220;},&#8220;tablet_landscape&#8220;:{&#8220;padding-top&#8220;:&#8220;150&#8220;},&#8220;desktop&#8220;:{&#8220;padding-top&#8220;:&#8220;200&#8220;,&#8220;padding-bottom&#8220;:&#8220;-&#8220;}}&#8221; custom_bg_color=&#8221;{&#8220;solid&#8220;:{&#8220;id&#8220;:&#8220;Light background&#8220;,&#8220;color&#8220;:&#8220;#f9fafb&#8220;}}&#8221;][vc_column el_design=&#8221;{&#8220;desktop&#8220;:{&#8220;padding-top&#8220;:&#8220;0&#8220;,&#8220;padding-right&#8220;:&#8220;15&#8220;,&#8220;padding-bottom&#8220;:&#8220;15&#8220;,&#8220;padding-left&#8220;:&#8220;15&#8220;}}&#8221; css_animation=&#8221;&#8221;][vc_heading heading_text=&#8221;Nutzung \/ Anwendung von Wissen&#8221; heading_wrapper=&#8221;h1&#8243; heading_typography=&#8221;{&#8220;variants&#8220;:&#8220;200&#8220;,&#8220;font_size&#8220;:&#8220;40px&#8220;,&#8220;letter_spacing&#8220;:&#8220;0em&#8220;}&#8221; responsiveness=&#8221;yes&#8221; tablet_portrait=&#8221;90&#8243; mobile_landscape=&#8221;80&#8243; mobile_portrait=&#8221;70&#8243; css_animation=&#8221;&#8221;][\/vc_column][\/vc_row][vc_row content_placement=&#8221;top&#8221; custom_bg_type=&#8221;image&#8221; custom_bg_cover=&#8221;contain&#8221; custom_bg_repeat=&#8221;no-repeat&#8221; custom_bg_position=&#8221;Center top&#8221; nav_skin=&#8221;light&#8221; consent_include=&#8221;include&#8221; equal_height=&#8221;true&#8221; el_design=&#8221;{&#8220;desktop&#8220;:{&#8220;padding-bottom&#8220;:&#8220;60&#8220;}}&#8221; custom_bg_color=&#8221;{&#8220;solid&#8220;:{&#8220;id&#8220;:&#8220;Light background&#8220;,&#8220;color&#8220;:&#8220;#f9fafb&#8220;}}&#8221; custom_bg_image=&#8221;2381&#8243;][vc_column el_design=&#8221;{&#8220;desktop&#8220;:{&#8220;padding-top&#8220;:&#8220;15&#8220;,&#8220;padding-right&#8220;:&#8220;15&#8220;,&#8220;padding-bottom&#8220;:&#8220;15&#8220;,&#8220;padding-left&#8220;:&#8220;15&#8220;}}&#8221; width=&#8221;1\/2&#8243; css_animation=&#8221;&#8221;][vc_text_element css_animation=&#8221;&#8221;]Wir helfen Ihnen, die am besten geeigneten Ressourcen zu identifizieren, die Sie haben, um ein bestimmtes Ziel zu erreichen, und sie in ausgewogenen Arbeitsteams zu kombinieren, so dass das Ganze mehr ist als die Summe seiner Teile. Auf diese Weise helfen wir Ihrer Organisation, ihr Leistungsversprechen an die Kunden mit einem hohen Ma\u00df an Zufriedenheit zu erf\u00fcllen und gleichzeitig die besten Ergebnisse f\u00fcr sich selbst zu erzielen.<\/p>\n<p>Der gesamte Prozess der Implementierung vom Wissensmanagement erfordert effektive und effiziente Wissensfl\u00fcsse. Deshalb arbeiten wir bei GEIST mit unseren Partnern und Kunden zusammen, um ihre Arbeitsbereiche sowohl auf Betriebs- und \/ oder B\u00fcroebene als auch direkt am Arbeitsplatz so zu gestalten oder bzw. neu zu definieren, dass Kreativit\u00e4t f\u00f6rdert, der Informationsaustausch erleichtert und die Nutzung von Wissen erm\u00f6glicht.<\/p>\n<p>Wir bedienen uns der Prinzipien der kognitiven Theorie, um Ihnen zu helfen, Ihr explizites Wissen zu strukturieren und zu gestalten, damit das Verst\u00e4ndnis der Inhalte maximiert und eine h\u00f6here Behaltensrate im Kurz- und Langzeitged\u00e4chtnis der Mitglieder der Organisation erreicht wird.[\/vc_text_element][vc_empty_space][vc_button_link title=&#8221;Die theoretischen Aspekte dieses Moduls ansehen&#8221; link_decoration=&#8221;underline&#8221; link_arrow=&#8221;arrow_right&#8221; size=&#8221;6&#8243; display=&#8221;display_block&#8221; icon_pos=&#8221;icon-left&#8221; css_animation=&#8221;wtbx-anim-fade-in&#8221; css_animation_easing=&#8221;wtbx_easing-natural&#8221; css_animation_duration=&#8221;wtbx-duration-1000&#8243; css_animation_delay=&#8221;&#8221; link=&#8221;url:%2Fde%2Fwissensmanagement%2Forganisational%23nutzen-anwenden|title:Nutzung%20%2F%20Anwendung%20von%20Wissen&#8221; icon=&#8221;{&#8220;font&#8220;:&#8220;scape-basic&#8220;,&#8220;icon&#8220;:&#8220;scape-basic-Add&#8220;}&#8221; link_color=&#8221;{&#8220;id&#8220;:&#8220;custom_color&#8220;,&#8220;color&#8220;:&#8220;rgba(4,101,178,1)&#8220;}&#8221;][\/vc_column][vc_column width=&#8221;1\/2&#8243; css_animation=&#8221;&#8221;][vc_testimonial_slider style=&#8221;style_3&#8243; navigation_skin=&#8221;light&#8221; pagination=&#8221;style_1&#8243; pagination_skin=&#8221;light&#8221; hide_nav=&#8221;true&#8221; autoplay=&#8221;10&#8243; stop_hover=&#8221;true&#8221; el_class=&#8221;servicio-6&#8243;][vc_testimonial_slide referee=&#8221;person&#8221; author_name=&#8221;Peter Drucker&#8221; author_occupation=&#8221;\u00d6konom und Unternehmensberater&#8221; name=&#8221;John Martin&#8221; position=&#8221;Developer&#8221;]&#8221;Es gibt bei Wissen kein Management; es gibt nur Menschen mit Wissen. Information wird nur zu Wissen in den H\u00e4nden von jemandem, der weiss, was er damit anfangen kann.&#8221;[\/vc_testimonial_slide][vc_testimonial_slide referee=&#8221;person&#8221; author_name=&#8221;Albert Einstein&#8221; author_occupation=&#8221;Theoretischer Physiker&#8221; name=&#8221;Richard Smith&#8221; position=&#8221;Designer&#8221;]&#8221;Information ist nicht gleich Wissen.&#8221;[\/vc_testimonial_slide][vc_testimonial_slide referee=&#8221;person&#8221; author_name=&#8221;Masaaki Imai&#8221; author_occupation=&#8221;Organizational theorist and management consultant&#8221; title=&#8221;Secci\u00f3n&#8221;]&#8221;Wissen bleibt jedoch Wissen, solange es nicht praktiziert wird. Weisheit hingegen wird nur durch \u00dcbung gewonnen und bleibt beim Einzelnen.&#8221;[\/vc_testimonial_slide][vc_testimonial_slide referee=&#8221;person&#8221; author_name=&#8221;Albert Einstein&#8221; author_occupation=&#8221;Theoretischer Physiker&#8221; title=&#8221;Secci\u00f3n&#8221;]&#8221;Wissen ist Erfahrung. Alles andere ist nur Information.&#8221;[\/vc_testimonial_slide][vc_testimonial_slide referee=&#8221;person&#8221; author_name=&#8221;Dorothy Riley&#8221; author_occupation=&#8221;Anwalt und Richter&#8221; title=&#8221;Secci\u00f3n&#8221;]&#8221;Wissen ist keine Macht, es ist nur potentielle Macht, die durch Gebrauch real wird.&#8221;[\/vc_testimonial_slide][vc_testimonial_slide referee=&#8221;person&#8221; author_name=&#8221;H.-J. Quadbeck-Seeger&#8221; author_occupation=&#8221;Chemiker, Erfinder, Manager und Autor&#8221; title=&#8221;Secci\u00f3n&#8221;]&#8221;Wissen, das nicht in Handeln m\u00fcndet, ist interessant, aber nicht relevant.&#8221;[\/vc_testimonial_slide][\/vc_testimonial_slider][\/vc_column][\/vc_row][vc_row nav_skin=&#8221;light&#8221; consent_include=&#8221;include&#8221;][vc_column css_animation=&#8221;&#8221;][vc_content_block block=&#8221;1402&#8243;][\/vc_column][\/vc_row][vc_row row_width=&#8221;wtbx_stretch_row_content&#8221; nav_skin=&#8221;light&#8221; consent_include=&#8221;include&#8221;][vc_column el_design=&#8221;{&#8220;desktop&#8220;:{&#8220;padding-top&#8220;:&#8220;0&#8220;,&#8220;padding-right&#8220;:&#8220;0&#8220;,&#8220;padding-bottom&#8220;:&#8220;0&#8220;,&#8220;padding-left&#8220;:&#8220;0&#8220;}}&#8221; css_animation=&#8221;&#8221;][vc_content_block block=&#8221;1076&#8243;][\/vc_column][\/vc_row]<\/p>\n<\/section>","protected":false},"excerpt":{"rendered":"<p>[vc_row content_placement=&#8221;top&#8221; nav_skin=&#8221;light&#8221; consent_include=&#8221;include&#8221; equal_height=&#8221;true&#8221; el_design=&#8221;{&#8220;mobile_portrait&#8220;:{&#8220;padding-top&#8220;:&#8220;125&#8220;},&#8220;mobile_landscape&#8220;:{&#8220;padding-top&#8220;:&#8220;125&#8220;},&#8220;tablet_portrait&#8220;:{&#8220;padding-top&#8220;:&#8220;170&#8220;},&#8220;tablet_landscape&#8220;:{&#8220;padding-top&#8220;:&#8220;150&#8220;},&#8220;desktop&#8220;:{&#8220;padding-top&#8220;:&#8220;200&#8220;,&#8220;padding-bottom&#8220;:&#8220;-&#8220;}}&#8221; custom_bg_color=&#8221;{&#8220;solid&#8220;:{&#8220;id&#8220;:&#8220;Light background&#8220;,&#8220;color&#8220;:&#8220;#f9fafb&#8220;}}&#8221;][vc_column el_design=&#8221;{&#8220;desktop&#8220;:{&#8220;padding-top&#8220;:&#8220;0&#8220;,&#8220;padding-right&#8220;:&#8220;15&#8220;,&#8220;padding-bottom&#8220;:&#8220;15&#8220;,&#8220;padding-left&#8220;:&#8220;15&#8220;}}&#8221; css_animation=&#8221;&#8221;][vc_heading heading_text=&#8221;Nutzung \/ Anwendung von Wissen&#8221; heading_wrapper=&#8221;h1&#8243; heading_typography=&#8221;{&#8220;variants&#8220;:&#8220;200&#8220;,&#8220;font_size&#8220;:&#8220;40px&#8220;,&#8220;letter_spacing&#8220;:&#8220;0em&#8220;}&#8221; responsiveness=&#8221;yes&#8221; tablet_portrait=&#8221;90&#8243; mobile_landscape=&#8221;80&#8243; mobile_portrait=&#8221;70&#8243; css_animation=&#8221;&#8221;][\/vc_column][\/vc_row][vc_row content_placement=&#8221;top&#8221; custom_bg_type=&#8221;image&#8221; custom_bg_cover=&#8221;contain&#8221; custom_bg_repeat=&#8221;no-repeat&#8221; custom_bg_position=&#8221;Center top&#8221; nav_skin=&#8221;light&#8221; consent_include=&#8221;include&#8221; equal_height=&#8221;true&#8221; el_design=&#8221;{&#8220;desktop&#8220;:{&#8220;padding-bottom&#8220;:&#8220;60&#8220;}}&#8221; custom_bg_color=&#8221;{&#8220;solid&#8220;:{&#8220;id&#8220;:&#8220;Light background&#8220;,&#8220;color&#8220;:&#8220;#f9fafb&#8220;}}&#8221; custom_bg_image=&#8221;2381&#8243;][vc_column el_design=&#8221;{&#8220;desktop&#8220;:{&#8220;padding-top&#8220;:&#8220;15&#8220;,&#8220;padding-right&#8220;:&#8220;15&#8220;,&#8220;padding-bottom&#8220;:&#8220;15&#8220;,&#8220;padding-left&#8220;:&#8220;15&#8220;}}&#8221; width=&#8221;1\/2&#8243; css_animation=&#8221;&#8221;][vc_text_element css_animation=&#8221;&#8221;]Wir helfen Ihnen, die am besten geeigneten Ressourcen zu identifizieren, die Sie haben, um ein bestimmtes Ziel zu erreichen, und sie in ausgewogenen Arbeitsteams zu kombinieren, so dass das Ganze mehr ist als die Summe seiner Teile. [&hellip;]<\/p>\n","protected":false},"author":2,"featured_media":0,"parent":3057,"menu_order":6,"comment_status":"closed","ping_status":"closed","template":"","meta":{"footnotes":""},"yoast_head":"<!-- This site is optimized with the Yoast SEO plugin v21.5 - https:\/\/yoast.com\/wordpress\/plugins\/seo\/ -->\n<title>Nutzung \/ Anwendung von Wissen | Wissensmanagement<\/title>\n<meta name=\"description\" content=\"Wir identifizieren gemeinsam mit unseren Kunden die Assets, die sie zum Erreichen ihrer Ziele besitzen, und kombinieren sie zu ausgewogenen Arbeitsteams.\" \/>\n<meta name=\"robots\" content=\"index, follow, max-snippet:-1, max-image-preview:large, max-video-preview:-1\" \/>\n<link rel=\"canonical\" href=\"https:\/\/geistconsultancy.com\/de\/dienstleistungen\/nutzung-anwendung-von-wissen\" \/>\n<meta property=\"og:locale\" content=\"de_DE\" \/>\n<meta property=\"og:type\" content=\"article\" \/>\n<meta property=\"og:title\" content=\"Nutzung \/ Anwendung von Wissen | Wissensmanagement\" \/>\n<meta property=\"og:description\" content=\"Wir identifizieren gemeinsam mit unseren Kunden die Assets, die sie zum Erreichen ihrer Ziele besitzen, und kombinieren sie zu ausgewogenen Arbeitsteams.\" \/>\n<meta property=\"og:url\" content=\"https:\/\/geistconsultancy.com\/de\/dienstleistungen\/nutzung-anwendung-von-wissen\" \/>\n<meta property=\"og:site_name\" content=\"GEIST Consultancy\" \/>\n<meta property=\"article:modified_time\" content=\"2021-07-29T09:58:49+00:00\" \/>\n<meta name=\"twitter:card\" content=\"summary_large_image\" \/>\n<meta name=\"twitter:label1\" content=\"Gesch\u00e4tzte Lesezeit\" \/>\n\t<meta name=\"twitter:data1\" content=\"2\u00a0Minuten\" \/>\n<script type=\"application\/ld+json\" class=\"yoast-schema-graph\">{\"@context\":\"https:\/\/schema.org\",\"@graph\":[{\"@type\":\"WebPage\",\"@id\":\"https:\/\/geistconsultancy.com\/de\/dienstleistungen\/nutzung-anwendung-von-wissen\",\"url\":\"https:\/\/geistconsultancy.com\/de\/dienstleistungen\/nutzung-anwendung-von-wissen\",\"name\":\"Nutzung \/ Anwendung von Wissen | Wissensmanagement\",\"isPartOf\":{\"@id\":\"https:\/\/geistconsultancy.com\/#website\"},\"datePublished\":\"2021-01-21T18:44:49+00:00\",\"dateModified\":\"2021-07-29T09:58:49+00:00\",\"description\":\"Wir identifizieren gemeinsam mit unseren Kunden die Assets, die sie zum Erreichen ihrer Ziele besitzen, und kombinieren sie zu ausgewogenen Arbeitsteams.\",\"breadcrumb\":{\"@id\":\"https:\/\/geistconsultancy.com\/de\/dienstleistungen\/nutzung-anwendung-von-wissen#breadcrumb\"},\"inLanguage\":\"de\",\"potentialAction\":[{\"@type\":\"ReadAction\",\"target\":[\"https:\/\/geistconsultancy.com\/de\/dienstleistungen\/nutzung-anwendung-von-wissen\"]}]},{\"@type\":\"BreadcrumbList\",\"@id\":\"https:\/\/geistconsultancy.com\/de\/dienstleistungen\/nutzung-anwendung-von-wissen#breadcrumb\",\"itemListElement\":[{\"@type\":\"ListItem\",\"position\":1,\"name\":\"Portada\",\"item\":\"https:\/\/geistconsultancy.com\/de\"},{\"@type\":\"ListItem\",\"position\":2,\"name\":\"Dienstleistungen\",\"item\":\"https:\/\/geistconsultancy.com\/de\/dienstleistungen\"},{\"@type\":\"ListItem\",\"position\":3,\"name\":\"Nutzung \/ Anwendung von Wissen\"}]},{\"@type\":\"WebSite\",\"@id\":\"https:\/\/geistconsultancy.com\/#website\",\"url\":\"https:\/\/geistconsultancy.com\/\",\"name\":\"GEIST Consultancy\",\"description\":\"Gesti\u00f3n de activos intangibles\",\"potentialAction\":[{\"@type\":\"SearchAction\",\"target\":{\"@type\":\"EntryPoint\",\"urlTemplate\":\"https:\/\/geistconsultancy.com\/?s={search_term_string}\"},\"query-input\":\"required name=search_term_string\"}],\"inLanguage\":\"de\"}]}<\/script>\n<!-- \/ Yoast SEO plugin. -->","yoast_head_json":{"title":"Nutzung \/ Anwendung von Wissen | Wissensmanagement","description":"Wir identifizieren gemeinsam mit unseren Kunden die Assets, die sie zum Erreichen ihrer Ziele besitzen, und kombinieren sie zu ausgewogenen Arbeitsteams.","robots":{"index":"index","follow":"follow","max-snippet":"max-snippet:-1","max-image-preview":"max-image-preview:large","max-video-preview":"max-video-preview:-1"},"canonical":"https:\/\/geistconsultancy.com\/de\/dienstleistungen\/nutzung-anwendung-von-wissen","og_locale":"de_DE","og_type":"article","og_title":"Nutzung \/ Anwendung von Wissen | Wissensmanagement","og_description":"Wir identifizieren gemeinsam mit unseren Kunden die Assets, die sie zum Erreichen ihrer Ziele besitzen, und kombinieren sie zu ausgewogenen Arbeitsteams.","og_url":"https:\/\/geistconsultancy.com\/de\/dienstleistungen\/nutzung-anwendung-von-wissen","og_site_name":"GEIST Consultancy","article_modified_time":"2021-07-29T09:58:49+00:00","twitter_card":"summary_large_image","twitter_misc":{"Gesch\u00e4tzte Lesezeit":"2\u00a0Minuten"},"schema":{"@context":"https:\/\/schema.org","@graph":[{"@type":"WebPage","@id":"https:\/\/geistconsultancy.com\/de\/dienstleistungen\/nutzung-anwendung-von-wissen","url":"https:\/\/geistconsultancy.com\/de\/dienstleistungen\/nutzung-anwendung-von-wissen","name":"Nutzung \/ Anwendung von Wissen | Wissensmanagement","isPartOf":{"@id":"https:\/\/geistconsultancy.com\/#website"},"datePublished":"2021-01-21T18:44:49+00:00","dateModified":"2021-07-29T09:58:49+00:00","description":"Wir identifizieren gemeinsam mit unseren Kunden die Assets, die sie zum Erreichen ihrer Ziele besitzen, und kombinieren sie zu ausgewogenen Arbeitsteams.","breadcrumb":{"@id":"https:\/\/geistconsultancy.com\/de\/dienstleistungen\/nutzung-anwendung-von-wissen#breadcrumb"},"inLanguage":"de","potentialAction":[{"@type":"ReadAction","target":["https:\/\/geistconsultancy.com\/de\/dienstleistungen\/nutzung-anwendung-von-wissen"]}]},{"@type":"BreadcrumbList","@id":"https:\/\/geistconsultancy.com\/de\/dienstleistungen\/nutzung-anwendung-von-wissen#breadcrumb","itemListElement":[{"@type":"ListItem","position":1,"name":"Portada","item":"https:\/\/geistconsultancy.com\/de"},{"@type":"ListItem","position":2,"name":"Dienstleistungen","item":"https:\/\/geistconsultancy.com\/de\/dienstleistungen"},{"@type":"ListItem","position":3,"name":"Nutzung \/ Anwendung von Wissen"}]},{"@type":"WebSite","@id":"https:\/\/geistconsultancy.com\/#website","url":"https:\/\/geistconsultancy.com\/","name":"GEIST Consultancy","description":"Gesti\u00f3n de activos intangibles","potentialAction":[{"@type":"SearchAction","target":{"@type":"EntryPoint","urlTemplate":"https:\/\/geistconsultancy.com\/?s={search_term_string}"},"query-input":"required name=search_term_string"}],"inLanguage":"de"}]}},"_links":{"self":[{"href":"https:\/\/geistconsultancy.com\/de\/wp-json\/wp\/v2\/pages\/3081"}],"collection":[{"href":"https:\/\/geistconsultancy.com\/de\/wp-json\/wp\/v2\/pages"}],"about":[{"href":"https:\/\/geistconsultancy.com\/de\/wp-json\/wp\/v2\/types\/page"}],"author":[{"embeddable":true,"href":"https:\/\/geistconsultancy.com\/de\/wp-json\/wp\/v2\/users\/2"}],"replies":[{"embeddable":true,"href":"https:\/\/geistconsultancy.com\/de\/wp-json\/wp\/v2\/comments?post=3081"}],"version-history":[{"count":7,"href":"https:\/\/geistconsultancy.com\/de\/wp-json\/wp\/v2\/pages\/3081\/revisions"}],"predecessor-version":[{"id":3410,"href":"https:\/\/geistconsultancy.com\/de\/wp-json\/wp\/v2\/pages\/3081\/revisions\/3410"}],"up":[{"embeddable":true,"href":"https:\/\/geistconsultancy.com\/de\/wp-json\/wp\/v2\/pages\/3057"}],"wp:attachment":[{"href":"https:\/\/geistconsultancy.com\/de\/wp-json\/wp\/v2\/media?parent=3081"}],"curies":[{"name":"wp","href":"https:\/\/api.w.org\/{rel}","templated":true}]}}