{"id":3077,"date":"2021-01-21T19:23:48","date_gmt":"2021-01-21T18:23:48","guid":{"rendered":"https:\/\/geistconsultancy.com\/dienstleistungen\/intercambio-distribucion-conocimiento"},"modified":"2021-07-13T12:05:36","modified_gmt":"2021-07-13T10:05:36","slug":"wissensaustausch-verteilung","status":"publish","type":"page","link":"https:\/\/geistconsultancy.com\/de\/dienstleistungen\/wissensaustausch-verteilung","title":{"rendered":"Wissensaustausch \/ -verteilung"},"content":{"rendered":"<section class=\"wpb-content-wrapper\"><p>[vc_row content_placement=&#8221;top&#8221; nav_skin=&#8221;light&#8221; consent_include=&#8221;include&#8221; equal_height=&#8221;true&#8221; el_design=&#8221;{&#8220;mobile_portrait&#8220;:{&#8220;padding-top&#8220;:&#8220;125&#8220;},&#8220;mobile_landscape&#8220;:{&#8220;padding-top&#8220;:&#8220;125&#8220;},&#8220;tablet_portrait&#8220;:{&#8220;padding-top&#8220;:&#8220;170&#8220;},&#8220;tablet_landscape&#8220;:{&#8220;padding-top&#8220;:&#8220;150&#8220;},&#8220;desktop&#8220;:{&#8220;padding-top&#8220;:&#8220;200&#8220;,&#8220;padding-bottom&#8220;:&#8220;-&#8220;}}&#8221; custom_bg_color=&#8221;{&#8220;solid&#8220;:{&#8220;id&#8220;:&#8220;Light background&#8220;,&#8220;color&#8220;:&#8220;#f9fafb&#8220;}}&#8221;][vc_column el_design=&#8221;{&#8220;desktop&#8220;:{&#8220;padding-top&#8220;:&#8220;0&#8220;,&#8220;padding-right&#8220;:&#8220;15&#8220;,&#8220;padding-bottom&#8220;:&#8220;15&#8220;,&#8220;padding-left&#8220;:&#8220;15&#8220;}}&#8221; css_animation=&#8221;&#8221;][vc_heading heading_text=&#8221;Wissensaustausch \/ -verteilung&#8221; heading_wrapper=&#8221;h1&#8243; heading_typography=&#8221;{&#8220;variants&#8220;:&#8220;200&#8220;,&#8220;font_size&#8220;:&#8220;40px&#8220;,&#8220;letter_spacing&#8220;:&#8220;0em&#8220;}&#8221; responsiveness=&#8221;yes&#8221; tablet_portrait=&#8221;90&#8243; mobile_landscape=&#8221;80&#8243; mobile_portrait=&#8221;70&#8243; css_animation=&#8221;&#8221;][\/vc_column][\/vc_row][vc_row content_placement=&#8221;top&#8221; custom_bg_type=&#8221;image&#8221; custom_bg_cover=&#8221;contain&#8221; custom_bg_repeat=&#8221;no-repeat&#8221; custom_bg_position=&#8221;Center top&#8221; nav_skin=&#8221;light&#8221; consent_include=&#8221;include&#8221; equal_height=&#8221;true&#8221; el_design=&#8221;{&#8220;desktop&#8220;:{&#8220;padding-bottom&#8220;:&#8220;60&#8220;}}&#8221; custom_bg_color=&#8221;{&#8220;solid&#8220;:{&#8220;id&#8220;:&#8220;Light background&#8220;,&#8220;color&#8220;:&#8220;#f9fafb&#8220;}}&#8221; custom_bg_image=&#8221;2378&#8243;][vc_column el_design=&#8221;{&#8220;desktop&#8220;:{&#8220;padding-top&#8220;:&#8220;15&#8220;,&#8220;padding-right&#8220;:&#8220;15&#8220;,&#8220;padding-bottom&#8220;:&#8220;15&#8220;,&#8220;padding-left&#8220;:&#8220;15&#8220;}}&#8221; width=&#8221;1\/2&#8243; css_animation=&#8221;&#8221;][vc_text_element css_animation=&#8221;&#8221;]Wir arbeiten mit Ihnen an der Definition einer Strategie f\u00fcr die Verteilung von Wissen in Ihrer Organisation. Wir helfen Ihnen bei der Konzeption von Informationskampagnen unter Ber\u00fccksichtigung von generations\u00fcbergreifenden und interkulturellen Aspekten, um den Mitgliedern der Organisation die Kultur, die Prozesse und die relevante Wissensmanagement-Tools der Organisation effektiv zu vermitteln.<\/p>\n<p>Bei GEIST wissen wir, wie wichtig Wissen f\u00fcr den Erfolg unserer Kunden ist. Aus diesem Grund und weil wir davon \u00fcberzeugt sind, dass die Basis einer lernenden Organisation in der Sozialisierung des vorhandenen Wissens liegt, helfen wir Ihnen bei der Konzeption und Gestaltung von Wissensverteilungsplattformen und -kan\u00e4len innerhalb der Organisation, um sicherzustellen, dass alle Mitglieder zur richtigen Zeit und am richtigen Ort Zugang zu dem Wissen haben, das sie ben\u00f6tigen.<\/p>\n<p>Da wir uns bewusst sind, dass jeder Mensch eine individuelle Sichtweise hat und Organisationen aus heterogenen Personengruppen bestehen, helfen wir Ihnen, das vorhandene Wissen aufzudecken und an die spezifischen generations- und kulturspezifischen Gegebenheiten des Arbeitskreises anzupassen.[\/vc_text_element][vc_empty_space][vc_button_link title=&#8221;Die theoretischen Aspekte dieses Moduls ansehen&#8221; link_decoration=&#8221;underline&#8221; link_arrow=&#8221;arrow_right&#8221; size=&#8221;6&#8243; display=&#8221;display_block&#8221; icon_pos=&#8221;icon-left&#8221; css_animation=&#8221;wtbx-anim-fade-in&#8221; css_animation_easing=&#8221;wtbx_easing-natural&#8221; css_animation_duration=&#8221;wtbx-duration-1000&#8243; css_animation_delay=&#8221;&#8221; link=&#8221;url:%2Fde%2Fwissensmanagement%2Forganisational%23austauschen-verteilen|title:Wissensaustausch%20%2F%20-verteilung&#8221; icon=&#8221;{&#8220;font&#8220;:&#8220;scape-basic&#8220;,&#8220;icon&#8220;:&#8220;scape-basic-Add&#8220;}&#8221; link_color=&#8221;{&#8220;id&#8220;:&#8220;custom_color&#8220;,&#8220;color&#8220;:&#8220;rgba(0,172,172,1)&#8220;}&#8221;][\/vc_column][vc_column width=&#8221;1\/2&#8243; css_animation=&#8221;&#8221;][vc_testimonial_slider style=&#8221;style_3&#8243; navigation_skin=&#8221;light&#8221; pagination=&#8221;style_1&#8243; pagination_skin=&#8221;light&#8221; hide_nav=&#8221;true&#8221; autoplay=&#8221;10&#8243; stop_hover=&#8221;true&#8221; el_class=&#8221;servicio-5&#8243;][vc_testimonial_slide referee=&#8221;person&#8221; author_name=&#8221;Aristoteles&#8221; author_occupation=&#8221;Philosoph und Mathematiker&#8221; name=&#8221;John Martin&#8221; position=&#8221;Developer&#8221;]&#8221;Es geschieht nicth ein- oder zweimal, sondern unz\u00e4hlige Male, dass die gleichen Ideen auf der Welt erscheinen.&#8221;[\/vc_testimonial_slide][vc_testimonial_slide referee=&#8221;person&#8221; author_name=&#8221;Deuteronomio Rabbah&#8221; author_occupation=&#8221;Kommentator des Book of Deuteronomy&#8221; name=&#8221;Richard Smith&#8221; position=&#8221;Designer&#8221;]&#8221;Du hast dir dein Wissen umsonst angeeignet, wenn du es nicht an andere weitergegeben hast.&#8221;[\/vc_testimonial_slide][vc_testimonial_slide referee=&#8221;person&#8221; author_name=&#8221;Dalai Lama&#8221; author_occupation=&#8221;Oberhaupt des tibetanischen Buddhismus&#8221; title=&#8221;Secci\u00f3n&#8221;]&#8221;Teil dein Wissen. Es ist ein Weg, um unsterblich zu werden.&#8221;[\/vc_testimonial_slide][vc_testimonial_slide referee=&#8221;person&#8221; author_name=&#8221;Margaret Fuller&#8221; author_occupation=&#8221;Journalistin, Kritikerin und Frauenrechtlerin&#8221; title=&#8221;Secci\u00f3n&#8221;]&#8221;Wenn du Wissen besitzt, lass\u2019 andere ihre Kerzen dar\u00e1n anz\u00fcnden.&#8221;[\/vc_testimonial_slide][vc_testimonial_slide referee=&#8221;person&#8221; author_name=&#8221;Mahatma Gandhi&#8221; author_occupation=&#8221;Anf\u00fchrer der indischen Unabh\u00e4ngigkeitsbewegung vom britischen Empire&#8221; title=&#8221;Secci\u00f3n&#8221;]&#8221;Ein Lehrer, der eine Verbindung mit den Lernenden aufbaut wird eins mit ihnen und lernt mehr von ihnen, als er ihnen beibringt.&#8221;[\/vc_testimonial_slide][vc_testimonial_slide referee=&#8221;person&#8221; author_name=&#8221;Mary Catherine Bateson&#8221; author_occupation=&#8221;Schriftstellerin und kulturelle Anthropologin&#8221; title=&#8221;Secci\u00f3n&#8221;]&#8221;Teilen ist manchmal anspruchvoller als Geben.&#8221;[\/vc_testimonial_slide][vc_testimonial_slide referee=&#8221;person&#8221; author_name=&#8221;Joseph l. Badaracco&#8221; author_occupation=&#8221;Professor f\u00fcr Gesch\u00e4ftsethik an der Harvard Business School&#8221; title=&#8221;Secci\u00f3n&#8221;]&#8221;In der heutigen Umgebung, wird das Horten von Wissen am Ende Ihre Macht verringern. Wenn Sie etwas sehr Wichtiges wissen, ist der Weg zur Macht, es zu teilen.&#8221;[\/vc_testimonial_slide][\/vc_testimonial_slider][\/vc_column][\/vc_row][vc_row nav_skin=&#8221;light&#8221; consent_include=&#8221;include&#8221;][vc_column css_animation=&#8221;&#8221;][vc_content_block block=&#8221;1402&#8243;][\/vc_column][\/vc_row][vc_row row_width=&#8221;wtbx_stretch_row_content&#8221; nav_skin=&#8221;light&#8221; consent_include=&#8221;include&#8221;][vc_column el_design=&#8221;{&#8220;desktop&#8220;:{&#8220;padding-top&#8220;:&#8220;0&#8220;,&#8220;padding-right&#8220;:&#8220;0&#8220;,&#8220;padding-bottom&#8220;:&#8220;0&#8220;,&#8220;padding-left&#8220;:&#8220;0&#8220;}}&#8221; css_animation=&#8221;&#8221;][vc_content_block block=&#8221;1076&#8243;][\/vc_column][\/vc_row]<\/p>\n<\/section>","protected":false},"excerpt":{"rendered":"<p>[vc_row content_placement=&#8221;top&#8221; nav_skin=&#8221;light&#8221; consent_include=&#8221;include&#8221; equal_height=&#8221;true&#8221; el_design=&#8221;{&#8220;mobile_portrait&#8220;:{&#8220;padding-top&#8220;:&#8220;125&#8220;},&#8220;mobile_landscape&#8220;:{&#8220;padding-top&#8220;:&#8220;125&#8220;},&#8220;tablet_portrait&#8220;:{&#8220;padding-top&#8220;:&#8220;170&#8220;},&#8220;tablet_landscape&#8220;:{&#8220;padding-top&#8220;:&#8220;150&#8220;},&#8220;desktop&#8220;:{&#8220;padding-top&#8220;:&#8220;200&#8220;,&#8220;padding-bottom&#8220;:&#8220;-&#8220;}}&#8221; custom_bg_color=&#8221;{&#8220;solid&#8220;:{&#8220;id&#8220;:&#8220;Light background&#8220;,&#8220;color&#8220;:&#8220;#f9fafb&#8220;}}&#8221;][vc_column el_design=&#8221;{&#8220;desktop&#8220;:{&#8220;padding-top&#8220;:&#8220;0&#8220;,&#8220;padding-right&#8220;:&#8220;15&#8220;,&#8220;padding-bottom&#8220;:&#8220;15&#8220;,&#8220;padding-left&#8220;:&#8220;15&#8220;}}&#8221; css_animation=&#8221;&#8221;][vc_heading heading_text=&#8221;Wissensaustausch \/ -verteilung&#8221; heading_wrapper=&#8221;h1&#8243; heading_typography=&#8221;{&#8220;variants&#8220;:&#8220;200&#8220;,&#8220;font_size&#8220;:&#8220;40px&#8220;,&#8220;letter_spacing&#8220;:&#8220;0em&#8220;}&#8221; responsiveness=&#8221;yes&#8221; tablet_portrait=&#8221;90&#8243; mobile_landscape=&#8221;80&#8243; mobile_portrait=&#8221;70&#8243; css_animation=&#8221;&#8221;][\/vc_column][\/vc_row][vc_row content_placement=&#8221;top&#8221; custom_bg_type=&#8221;image&#8221; custom_bg_cover=&#8221;contain&#8221; custom_bg_repeat=&#8221;no-repeat&#8221; custom_bg_position=&#8221;Center top&#8221; nav_skin=&#8221;light&#8221; consent_include=&#8221;include&#8221; equal_height=&#8221;true&#8221; el_design=&#8221;{&#8220;desktop&#8220;:{&#8220;padding-bottom&#8220;:&#8220;60&#8220;}}&#8221; custom_bg_color=&#8221;{&#8220;solid&#8220;:{&#8220;id&#8220;:&#8220;Light background&#8220;,&#8220;color&#8220;:&#8220;#f9fafb&#8220;}}&#8221; custom_bg_image=&#8221;2378&#8243;][vc_column el_design=&#8221;{&#8220;desktop&#8220;:{&#8220;padding-top&#8220;:&#8220;15&#8220;,&#8220;padding-right&#8220;:&#8220;15&#8220;,&#8220;padding-bottom&#8220;:&#8220;15&#8220;,&#8220;padding-left&#8220;:&#8220;15&#8220;}}&#8221; width=&#8221;1\/2&#8243; css_animation=&#8221;&#8221;][vc_text_element css_animation=&#8221;&#8221;]Wir arbeiten mit Ihnen an der Definition einer Strategie f\u00fcr die Verteilung von Wissen in Ihrer Organisation. Wir helfen Ihnen bei der Konzeption von Informationskampagnen unter Ber\u00fccksichtigung von generations\u00fcbergreifenden und interkulturellen Aspekten, um den Mitgliedern der Organisation die Kultur, [&hellip;]<\/p>\n","protected":false},"author":2,"featured_media":0,"parent":3057,"menu_order":5,"comment_status":"closed","ping_status":"closed","template":"","meta":{"footnotes":""},"yoast_head":"<!-- This site is optimized with the Yoast SEO plugin v21.5 - https:\/\/yoast.com\/wordpress\/plugins\/seo\/ -->\n<title>Wissensaustausch \/-verteilung | Wissensmanagement<\/title>\n<meta name=\"description\" content=\"Wir unterst\u00fctzen unsere Kunden bei der Definition einer Strategie f\u00fcr die Verteilung von Wissen in ihrer Organisation.\" \/>\n<meta name=\"robots\" content=\"index, follow, max-snippet:-1, max-image-preview:large, max-video-preview:-1\" \/>\n<link rel=\"canonical\" href=\"https:\/\/geistconsultancy.com\/de\/dienstleistungen\/wissensaustausch-verteilung\" \/>\n<meta property=\"og:locale\" content=\"de_DE\" \/>\n<meta property=\"og:type\" content=\"article\" \/>\n<meta property=\"og:title\" content=\"Wissensaustausch \/-verteilung | Wissensmanagement\" \/>\n<meta property=\"og:description\" content=\"Wir unterst\u00fctzen unsere Kunden bei der Definition einer Strategie f\u00fcr die Verteilung von Wissen in ihrer Organisation.\" \/>\n<meta property=\"og:url\" content=\"https:\/\/geistconsultancy.com\/de\/dienstleistungen\/wissensaustausch-verteilung\" \/>\n<meta property=\"og:site_name\" content=\"GEIST Consultancy\" \/>\n<meta property=\"article:modified_time\" content=\"2021-07-13T10:05:36+00:00\" \/>\n<meta name=\"twitter:card\" content=\"summary_large_image\" \/>\n<meta name=\"twitter:label1\" content=\"Gesch\u00e4tzte Lesezeit\" \/>\n\t<meta name=\"twitter:data1\" content=\"2\u00a0Minuten\" \/>\n<script type=\"application\/ld+json\" class=\"yoast-schema-graph\">{\"@context\":\"https:\/\/schema.org\",\"@graph\":[{\"@type\":\"WebPage\",\"@id\":\"https:\/\/geistconsultancy.com\/de\/dienstleistungen\/wissensaustausch-verteilung\",\"url\":\"https:\/\/geistconsultancy.com\/de\/dienstleistungen\/wissensaustausch-verteilung\",\"name\":\"Wissensaustausch \/-verteilung | Wissensmanagement\",\"isPartOf\":{\"@id\":\"https:\/\/geistconsultancy.com\/#website\"},\"datePublished\":\"2021-01-21T18:23:48+00:00\",\"dateModified\":\"2021-07-13T10:05:36+00:00\",\"description\":\"Wir unterst\u00fctzen unsere Kunden bei der Definition einer Strategie f\u00fcr die Verteilung von Wissen in ihrer Organisation.\",\"breadcrumb\":{\"@id\":\"https:\/\/geistconsultancy.com\/de\/dienstleistungen\/wissensaustausch-verteilung#breadcrumb\"},\"inLanguage\":\"de\",\"potentialAction\":[{\"@type\":\"ReadAction\",\"target\":[\"https:\/\/geistconsultancy.com\/de\/dienstleistungen\/wissensaustausch-verteilung\"]}]},{\"@type\":\"BreadcrumbList\",\"@id\":\"https:\/\/geistconsultancy.com\/de\/dienstleistungen\/wissensaustausch-verteilung#breadcrumb\",\"itemListElement\":[{\"@type\":\"ListItem\",\"position\":1,\"name\":\"Portada\",\"item\":\"https:\/\/geistconsultancy.com\/de\"},{\"@type\":\"ListItem\",\"position\":2,\"name\":\"Dienstleistungen\",\"item\":\"https:\/\/geistconsultancy.com\/de\/dienstleistungen\"},{\"@type\":\"ListItem\",\"position\":3,\"name\":\"Wissensaustausch \/ -verteilung\"}]},{\"@type\":\"WebSite\",\"@id\":\"https:\/\/geistconsultancy.com\/#website\",\"url\":\"https:\/\/geistconsultancy.com\/\",\"name\":\"GEIST Consultancy\",\"description\":\"Gesti\u00f3n de activos intangibles\",\"potentialAction\":[{\"@type\":\"SearchAction\",\"target\":{\"@type\":\"EntryPoint\",\"urlTemplate\":\"https:\/\/geistconsultancy.com\/?s={search_term_string}\"},\"query-input\":\"required name=search_term_string\"}],\"inLanguage\":\"de\"}]}<\/script>\n<!-- \/ Yoast SEO plugin. -->","yoast_head_json":{"title":"Wissensaustausch \/-verteilung | Wissensmanagement","description":"Wir unterst\u00fctzen unsere Kunden bei der Definition einer Strategie f\u00fcr die Verteilung von Wissen in ihrer Organisation.","robots":{"index":"index","follow":"follow","max-snippet":"max-snippet:-1","max-image-preview":"max-image-preview:large","max-video-preview":"max-video-preview:-1"},"canonical":"https:\/\/geistconsultancy.com\/de\/dienstleistungen\/wissensaustausch-verteilung","og_locale":"de_DE","og_type":"article","og_title":"Wissensaustausch \/-verteilung | Wissensmanagement","og_description":"Wir unterst\u00fctzen unsere Kunden bei der Definition einer Strategie f\u00fcr die Verteilung von Wissen in ihrer Organisation.","og_url":"https:\/\/geistconsultancy.com\/de\/dienstleistungen\/wissensaustausch-verteilung","og_site_name":"GEIST Consultancy","article_modified_time":"2021-07-13T10:05:36+00:00","twitter_card":"summary_large_image","twitter_misc":{"Gesch\u00e4tzte Lesezeit":"2\u00a0Minuten"},"schema":{"@context":"https:\/\/schema.org","@graph":[{"@type":"WebPage","@id":"https:\/\/geistconsultancy.com\/de\/dienstleistungen\/wissensaustausch-verteilung","url":"https:\/\/geistconsultancy.com\/de\/dienstleistungen\/wissensaustausch-verteilung","name":"Wissensaustausch \/-verteilung | Wissensmanagement","isPartOf":{"@id":"https:\/\/geistconsultancy.com\/#website"},"datePublished":"2021-01-21T18:23:48+00:00","dateModified":"2021-07-13T10:05:36+00:00","description":"Wir unterst\u00fctzen unsere Kunden bei der Definition einer Strategie f\u00fcr die Verteilung von Wissen in ihrer Organisation.","breadcrumb":{"@id":"https:\/\/geistconsultancy.com\/de\/dienstleistungen\/wissensaustausch-verteilung#breadcrumb"},"inLanguage":"de","potentialAction":[{"@type":"ReadAction","target":["https:\/\/geistconsultancy.com\/de\/dienstleistungen\/wissensaustausch-verteilung"]}]},{"@type":"BreadcrumbList","@id":"https:\/\/geistconsultancy.com\/de\/dienstleistungen\/wissensaustausch-verteilung#breadcrumb","itemListElement":[{"@type":"ListItem","position":1,"name":"Portada","item":"https:\/\/geistconsultancy.com\/de"},{"@type":"ListItem","position":2,"name":"Dienstleistungen","item":"https:\/\/geistconsultancy.com\/de\/dienstleistungen"},{"@type":"ListItem","position":3,"name":"Wissensaustausch \/ -verteilung"}]},{"@type":"WebSite","@id":"https:\/\/geistconsultancy.com\/#website","url":"https:\/\/geistconsultancy.com\/","name":"GEIST Consultancy","description":"Gesti\u00f3n de activos intangibles","potentialAction":[{"@type":"SearchAction","target":{"@type":"EntryPoint","urlTemplate":"https:\/\/geistconsultancy.com\/?s={search_term_string}"},"query-input":"required name=search_term_string"}],"inLanguage":"de"}]}},"_links":{"self":[{"href":"https:\/\/geistconsultancy.com\/de\/wp-json\/wp\/v2\/pages\/3077"}],"collection":[{"href":"https:\/\/geistconsultancy.com\/de\/wp-json\/wp\/v2\/pages"}],"about":[{"href":"https:\/\/geistconsultancy.com\/de\/wp-json\/wp\/v2\/types\/page"}],"author":[{"embeddable":true,"href":"https:\/\/geistconsultancy.com\/de\/wp-json\/wp\/v2\/users\/2"}],"replies":[{"embeddable":true,"href":"https:\/\/geistconsultancy.com\/de\/wp-json\/wp\/v2\/comments?post=3077"}],"version-history":[{"count":6,"href":"https:\/\/geistconsultancy.com\/de\/wp-json\/wp\/v2\/pages\/3077\/revisions"}],"predecessor-version":[{"id":3408,"href":"https:\/\/geistconsultancy.com\/de\/wp-json\/wp\/v2\/pages\/3077\/revisions\/3408"}],"up":[{"embeddable":true,"href":"https:\/\/geistconsultancy.com\/de\/wp-json\/wp\/v2\/pages\/3057"}],"wp:attachment":[{"href":"https:\/\/geistconsultancy.com\/de\/wp-json\/wp\/v2\/media?parent=3077"}],"curies":[{"name":"wp","href":"https:\/\/api.w.org\/{rel}","templated":true}]}}