{"id":3061,"date":"2021-01-07T16:09:11","date_gmt":"2021-01-07T15:09:11","guid":{"rendered":"https:\/\/geistconsultancy.com\/dienstleistungen\/definicion-objetivos-conocimiento"},"modified":"2021-07-12T19:11:31","modified_gmt":"2021-07-12T17:11:31","slug":"definition-der-wissensziele","status":"publish","type":"page","link":"https:\/\/geistconsultancy.com\/de\/dienstleistungen\/definition-der-wissensziele","title":{"rendered":"Definition der Wissensziele"},"content":{"rendered":"<section class=\"wpb-content-wrapper\"><p>[vc_row content_placement=&#8221;top&#8221; nav_skin=&#8221;light&#8221; consent_include=&#8221;include&#8221; equal_height=&#8221;true&#8221; el_design=&#8221;{&#8220;mobile_portrait&#8220;:{&#8220;padding-top&#8220;:&#8220;125&#8220;},&#8220;mobile_landscape&#8220;:{&#8220;padding-top&#8220;:&#8220;125&#8220;},&#8220;tablet_portrait&#8220;:{&#8220;padding-top&#8220;:&#8220;170&#8220;},&#8220;tablet_landscape&#8220;:{&#8220;padding-top&#8220;:&#8220;150&#8220;},&#8220;desktop&#8220;:{&#8220;padding-top&#8220;:&#8220;200&#8220;,&#8220;padding-bottom&#8220;:&#8220;-&#8220;}}&#8221; custom_bg_color=&#8221;{&#8220;solid&#8220;:{&#8220;id&#8220;:&#8220;Light background&#8220;,&#8220;color&#8220;:&#8220;#f9fafb&#8220;}}&#8221;][vc_column el_design=&#8221;{&#8220;desktop&#8220;:{&#8220;padding-top&#8220;:&#8220;0&#8220;,&#8220;padding-right&#8220;:&#8220;15&#8220;,&#8220;padding-bottom&#8220;:&#8220;15&#8220;,&#8220;padding-left&#8220;:&#8220;15&#8220;}}&#8221; css_animation=&#8221;&#8221;][vc_heading heading_text=&#8221;Definition der Wissensziele&#8221; heading_wrapper=&#8221;h1&#8243; heading_typography=&#8221;{&#8220;variants&#8220;:&#8220;200&#8220;,&#8220;font_size&#8220;:&#8220;40px&#8220;,&#8220;letter_spacing&#8220;:&#8220;0em&#8220;}&#8221; responsiveness=&#8221;yes&#8221; tablet_portrait=&#8221;90&#8243; mobile_landscape=&#8221;80&#8243; mobile_portrait=&#8221;70&#8243; css_animation=&#8221;&#8221;][\/vc_column][\/vc_row][vc_row content_placement=&#8221;top&#8221; custom_bg_type=&#8221;image&#8221; custom_bg_cover=&#8221;contain&#8221; custom_bg_repeat=&#8221;no-repeat&#8221; custom_bg_position=&#8221;Center top&#8221; nav_skin=&#8221;light&#8221; consent_include=&#8221;include&#8221; equal_height=&#8221;true&#8221; el_design=&#8221;{&#8220;desktop&#8220;:{&#8220;padding-bottom&#8220;:&#8220;60&#8220;}}&#8221; custom_bg_color=&#8221;{&#8220;solid&#8220;:{&#8220;id&#8220;:&#8220;Light background&#8220;,&#8220;color&#8220;:&#8220;#f9fafb&#8220;}}&#8221; custom_bg_image=&#8221;2366&#8243;][vc_column el_design=&#8221;{&#8220;desktop&#8220;:{&#8220;padding-top&#8220;:&#8220;15&#8220;,&#8220;padding-right&#8220;:&#8220;15&#8220;,&#8220;padding-bottom&#8220;:&#8220;15&#8220;,&#8220;padding-left&#8220;:&#8220;15&#8220;}}&#8221; width=&#8221;1\/2&#8243; css_animation=&#8221;&#8221;][vc_text_element css_animation=&#8221;&#8221;]Wir unterst\u00fctzen Sie dabei, zu verstehen, welche Rolle Wissen bei der Erzielung von Wettbewerbsvorteilen spielt, die das nachhaltige Wachstum Ihrer Organisation mittel- und langfristig sichern. Wir zeigen Ihnen auch, wie Ihre aktuelle Situation aus der Sicht des Wissensmanagements ist.<\/p>\n<p>Wir unterst\u00fctzen Sie dabei, einen f\u00fcr das Wissensmanagement f\u00f6rderlichen Kontext zu definieren und die strategische Bedeutung von Wissen in der Organisation durch Informationskampagnen zu vermitteln, um den Grundstein f\u00fcr einen Kulturwandel hin zu einer lernenden Organisation zu legen.<\/p>\n<p>In einer Reihe von Workshops analysieren wir das Gesch\u00e4ftsmodell und Alleinstellungsmerkmal, um zu erkennen und zu verstehen, was das strategische Wissen f\u00fcr Ihre Organisation ist. Wir helfen Ihnen, dieses strategische Wissen zu spezifizieren und begleiten Sie bei der Integration der mit dem Wissensmanagement verbundenen Ziele in den strategischen Plan des Unternehmens.[\/vc_text_element][vc_empty_space][vc_button_link title=&#8221;Die theoretischen Aspekte dieses Moduls ansehen&#8221; link_decoration=&#8221;underline&#8221; link_arrow=&#8221;arrow_right&#8221; size=&#8221;6&#8243; display=&#8221;display_block&#8221; icon_pos=&#8221;icon-left&#8221; css_animation=&#8221;wtbx-anim-fade-in&#8221; css_animation_easing=&#8221;wtbx_easing-natural&#8221; css_animation_duration=&#8221;wtbx-duration-1000&#8243; css_animation_delay=&#8221;&#8221; link=&#8221;url:%2Fde%2Fwissensmanagement%2Forganisational%23ziele-definieren|title:Definition%20der%20wissensziele&#8221; icon=&#8221;{&#8220;font&#8220;:&#8220;scape-basic&#8220;,&#8220;icon&#8220;:&#8220;scape-basic-Add&#8220;}&#8221; link_color=&#8221;{&#8220;id&#8220;:&#8220;custom_color&#8220;,&#8220;color&#8220;:&#8220;rgba(163,33,146,1)&#8220;}&#8221;][\/vc_column][vc_column width=&#8221;1\/2&#8243; css_animation=&#8221;&#8221;][vc_testimonial_slider style=&#8221;style_3&#8243; navigation_skin=&#8221;light&#8221; pagination=&#8221;style_1&#8243; pagination_skin=&#8221;light&#8221; hide_nav=&#8221;true&#8221; autoplay=&#8221;10&#8243; stop_hover=&#8221;true&#8221; el_class=&#8221;servicio-1&#8243;][vc_testimonial_slide referee=&#8221;person&#8221; author_name=&#8221;Benjamin Franklin&#8221; author_occupation=&#8221;Wissenschaftler, erfinder und Mitgr\u00fcndervater der Vereinigten Staaten&#8221; name=&#8221;John Martin&#8221; position=&#8221;Developer&#8221;]&#8221;Eine Investition in Wissen bringt immer die h\u00f6chsten Zinsen.&#8221;[\/vc_testimonial_slide][vc_testimonial_slide referee=&#8221;person&#8221; author_name=&#8221;Ralph Waldo Emerson&#8221; author_occupation=&#8221;Essayist, Lehrer und Poet&#8221; name=&#8221;Richard Smith&#8221; position=&#8221;Designer&#8221;]&#8221;Wenn du nicht versuchst, noch etwas zus\u00e4tzlich zu dem zu tun, was du bereits gemeistert hast, wirst du nie Wachsen.&#8221;[\/vc_testimonial_slide][vc_testimonial_slide referee=&#8221;person&#8221; author_name=&#8221;Benjamin Disraeli&#8221; author_occupation=&#8221;Britischer Premierminister&#8221; title=&#8221;Secci\u00f3n&#8221;]&#8221;Je gr\u00f6sser das Wissen eines Mannes ist \u00fcber das, was schon getan wurde, desto gr\u00f6sser wird seine Macht, zu wissen, was zu tun ist.&#8221;[\/vc_testimonial_slide][vc_testimonial_slide referee=&#8221;person&#8221; author_name=&#8221;Peter Drucker&#8221; author_occupation=&#8221;\u00d6konom und Unternehmensberater&#8221; title=&#8221;Secci\u00f3n&#8221;]&#8221;Die grundlegende Ressource der Wirtschaft \u2013 das Produktionsmittel \u2013 ist nicht mehr Kapital, nat\u00fcrliche Rohstoffe oder Arbeit. Es ist Wissen. Und das wird es auch in der Zukunft sein.&#8221;[\/vc_testimonial_slide][vc_testimonial_slide referee=&#8221;person&#8221; author_name=&#8221;Fredmund Malik&#8221; author_occupation=&#8221;Wirtschaftswissenschaftler&#8221; title=&#8221;Secci\u00f3n&#8221;]&#8221;Wissen ist der entscheidende Produktionsfaktor unserer Zeit.&#8221;[\/vc_testimonial_slide][vc_testimonial_slide referee=&#8221;person&#8221; author_name=&#8221;Etienne Wenger&#8221; author_occupation=&#8221;P\u00e4dagogischer Theoretiker und Praktiker&#8221; title=&#8221;Secci\u00f3n&#8221;]&#8221;Wissensmanagement wird nie funktionieren, bis die Konzerne verstehen, dass es nicht darum geht, wie man Wissen erfasst, sondern wie man es schafft und nutzt.&#8221;[\/vc_testimonial_slide][vc_testimonial_slide referee=&#8221;person&#8221; author_name=&#8221;Heinrich von Pierer&#8221; author_occupation=&#8221;Manager Siemens AG&#8221; title=&#8221;Secci\u00f3n&#8221;]&#8221;Das Wissen steckt vor allem in den K\u00f6pfen unserer Mitarbeiter. Deshalb ermutigen wir sie, ihr Wissen aufzuzeichnen und zu teilen.&#8221;[\/vc_testimonial_slide][vc_testimonial_slide referee=&#8221;person&#8221; author_name=&#8221;Peter Drucker&#8221; author_occupation=&#8221;\u00d6konom und Unternehmensberater&#8221; title=&#8221;Secci\u00f3n&#8221;]&#8221;Das Wesen des Managements ist es, Wissen produktiv zu machen.&#8221;[\/vc_testimonial_slide][vc_testimonial_slide referee=&#8221;person&#8221; author_name=&#8221;David Garvin&#8221; author_occupation=&#8221;Wirtschaftswissenschaftler an der Harvard Business School&#8221; title=&#8221;Secci\u00f3n&#8221;]&#8221;Kontinuierliche Verbesserung erfordert Engagement f\u00fcr das Lernen.&#8221;[\/vc_testimonial_slide][vc_testimonial_slide referee=&#8221;person&#8221; author_name=&#8221;Ikujiro Nonaka&#8221; author_occupation=&#8221;Organisationstheoretiker an der Hitotsubashi-Universit\u00e4t&#8221; title=&#8221;Secci\u00f3n&#8221;]&#8221;Das Erfolgsgeheimnis ist&#8230; die Schaffung neuen Wissens zu verwalten.&#8221;[\/vc_testimonial_slide][vc_testimonial_slide referee=&#8221;person&#8221; author_name=&#8221;J. W. von Goethe&#8221; author_occupation=&#8221;Dichter und Naturforscher&#8221; title=&#8221;Secci\u00f3n&#8221;]&#8221;Nichts ist so erschrekend, wie nicht wissen und doch handeln.&#8221;[\/vc_testimonial_slide][vc_testimonial_slide referee=&#8221;person&#8221; author_name=&#8221;Ikujiro Nonaka&#8221; author_occupation=&#8221;Organisationstheoretiker an der Hitotsubashi-Universit\u00e4t&#8221; title=&#8221;Secci\u00f3n&#8221;]&#8221;In einer Wirtschaft, in der die einzige Gewissheit die Unsicherheit ist, ist Wissen die einzige sichere Quelle f\u00fcr einen dauerhaften Wettbewerbsvorteil.&#8221;[\/vc_testimonial_slide][\/vc_testimonial_slider][\/vc_column][\/vc_row][vc_row nav_skin=&#8221;light&#8221; consent_include=&#8221;include&#8221;][vc_column css_animation=&#8221;&#8221;][vc_content_block block=&#8221;1402&#8243;][\/vc_column][\/vc_row][vc_row row_width=&#8221;wtbx_stretch_row_content&#8221; nav_skin=&#8221;light&#8221; consent_include=&#8221;include&#8221;][vc_column el_design=&#8221;{&#8220;desktop&#8220;:{&#8220;padding-top&#8220;:&#8220;0&#8220;,&#8220;padding-right&#8220;:&#8220;0&#8220;,&#8220;padding-bottom&#8220;:&#8220;0&#8220;,&#8220;padding-left&#8220;:&#8220;0&#8220;}}&#8221; css_animation=&#8221;&#8221;][vc_content_block block=&#8221;1076&#8243;][\/vc_column][\/vc_row]<\/p>\n<\/section>","protected":false},"excerpt":{"rendered":"<p>[vc_row content_placement=&#8221;top&#8221; nav_skin=&#8221;light&#8221; consent_include=&#8221;include&#8221; equal_height=&#8221;true&#8221; el_design=&#8221;{&#8220;mobile_portrait&#8220;:{&#8220;padding-top&#8220;:&#8220;125&#8220;},&#8220;mobile_landscape&#8220;:{&#8220;padding-top&#8220;:&#8220;125&#8220;},&#8220;tablet_portrait&#8220;:{&#8220;padding-top&#8220;:&#8220;170&#8220;},&#8220;tablet_landscape&#8220;:{&#8220;padding-top&#8220;:&#8220;150&#8220;},&#8220;desktop&#8220;:{&#8220;padding-top&#8220;:&#8220;200&#8220;,&#8220;padding-bottom&#8220;:&#8220;-&#8220;}}&#8221; custom_bg_color=&#8221;{&#8220;solid&#8220;:{&#8220;id&#8220;:&#8220;Light background&#8220;,&#8220;color&#8220;:&#8220;#f9fafb&#8220;}}&#8221;][vc_column el_design=&#8221;{&#8220;desktop&#8220;:{&#8220;padding-top&#8220;:&#8220;0&#8220;,&#8220;padding-right&#8220;:&#8220;15&#8220;,&#8220;padding-bottom&#8220;:&#8220;15&#8220;,&#8220;padding-left&#8220;:&#8220;15&#8220;}}&#8221; css_animation=&#8221;&#8221;][vc_heading heading_text=&#8221;Definition der Wissensziele&#8221; heading_wrapper=&#8221;h1&#8243; heading_typography=&#8221;{&#8220;variants&#8220;:&#8220;200&#8220;,&#8220;font_size&#8220;:&#8220;40px&#8220;,&#8220;letter_spacing&#8220;:&#8220;0em&#8220;}&#8221; responsiveness=&#8221;yes&#8221; tablet_portrait=&#8221;90&#8243; mobile_landscape=&#8221;80&#8243; mobile_portrait=&#8221;70&#8243; css_animation=&#8221;&#8221;][\/vc_column][\/vc_row][vc_row content_placement=&#8221;top&#8221; custom_bg_type=&#8221;image&#8221; custom_bg_cover=&#8221;contain&#8221; custom_bg_repeat=&#8221;no-repeat&#8221; custom_bg_position=&#8221;Center top&#8221; nav_skin=&#8221;light&#8221; consent_include=&#8221;include&#8221; equal_height=&#8221;true&#8221; el_design=&#8221;{&#8220;desktop&#8220;:{&#8220;padding-bottom&#8220;:&#8220;60&#8220;}}&#8221; custom_bg_color=&#8221;{&#8220;solid&#8220;:{&#8220;id&#8220;:&#8220;Light background&#8220;,&#8220;color&#8220;:&#8220;#f9fafb&#8220;}}&#8221; custom_bg_image=&#8221;2366&#8243;][vc_column el_design=&#8221;{&#8220;desktop&#8220;:{&#8220;padding-top&#8220;:&#8220;15&#8220;,&#8220;padding-right&#8220;:&#8220;15&#8220;,&#8220;padding-bottom&#8220;:&#8220;15&#8220;,&#8220;padding-left&#8220;:&#8220;15&#8220;}}&#8221; width=&#8221;1\/2&#8243; css_animation=&#8221;&#8221;][vc_text_element css_animation=&#8221;&#8221;]Wir unterst\u00fctzen Sie dabei, zu verstehen, welche Rolle Wissen bei der Erzielung von Wettbewerbsvorteilen spielt, die das nachhaltige Wachstum Ihrer Organisation mittel- und langfristig sichern. Wir zeigen Ihnen auch, wie Ihre aktuelle Situation aus der Sicht des Wissensmanagements ist. [&hellip;]<\/p>\n","protected":false},"author":2,"featured_media":0,"parent":3057,"menu_order":1,"comment_status":"closed","ping_status":"closed","template":"","meta":{"footnotes":""},"yoast_head":"<!-- This site is optimized with the Yoast SEO plugin v21.5 - https:\/\/yoast.com\/wordpress\/plugins\/seo\/ -->\n<title>Definition der Ziele | Wissensmanagement<\/title>\n<meta name=\"description\" content=\"Die Schl\u00fcssel zum Verst\u00e4ndnis der Rolle, die das Wissen bei der Erzielung von Wettbewerbsvorteilen spielt, die das nachhaltige Wachstum der Organisation sicherstellen\" \/>\n<meta name=\"robots\" content=\"index, follow, max-snippet:-1, max-image-preview:large, max-video-preview:-1\" \/>\n<link rel=\"canonical\" href=\"https:\/\/geistconsultancy.com\/de\/dienstleistungen\/definition-der-wissensziele\" \/>\n<meta property=\"og:locale\" content=\"de_DE\" \/>\n<meta property=\"og:type\" content=\"article\" \/>\n<meta property=\"og:title\" content=\"Definition der Ziele | Wissensmanagement\" \/>\n<meta property=\"og:description\" content=\"Die Schl\u00fcssel zum Verst\u00e4ndnis der Rolle, die das Wissen bei der Erzielung von Wettbewerbsvorteilen spielt, die das nachhaltige Wachstum der Organisation sicherstellen\" \/>\n<meta property=\"og:url\" content=\"https:\/\/geistconsultancy.com\/de\/dienstleistungen\/definition-der-wissensziele\" \/>\n<meta property=\"og:site_name\" content=\"GEIST Consultancy\" \/>\n<meta property=\"article:modified_time\" content=\"2021-07-12T17:11:31+00:00\" \/>\n<meta name=\"twitter:card\" content=\"summary_large_image\" \/>\n<meta name=\"twitter:label1\" content=\"Gesch\u00e4tzte Lesezeit\" \/>\n\t<meta name=\"twitter:data1\" content=\"3\u00a0Minuten\" \/>\n<script type=\"application\/ld+json\" class=\"yoast-schema-graph\">{\"@context\":\"https:\/\/schema.org\",\"@graph\":[{\"@type\":\"WebPage\",\"@id\":\"https:\/\/geistconsultancy.com\/de\/dienstleistungen\/definition-der-wissensziele\",\"url\":\"https:\/\/geistconsultancy.com\/de\/dienstleistungen\/definition-der-wissensziele\",\"name\":\"Definition der Ziele | Wissensmanagement\",\"isPartOf\":{\"@id\":\"https:\/\/geistconsultancy.com\/#website\"},\"datePublished\":\"2021-01-07T15:09:11+00:00\",\"dateModified\":\"2021-07-12T17:11:31+00:00\",\"description\":\"Die Schl\u00fcssel zum Verst\u00e4ndnis der Rolle, die das Wissen bei der Erzielung von Wettbewerbsvorteilen spielt, die das nachhaltige Wachstum der Organisation sicherstellen\",\"breadcrumb\":{\"@id\":\"https:\/\/geistconsultancy.com\/de\/dienstleistungen\/definition-der-wissensziele#breadcrumb\"},\"inLanguage\":\"de\",\"potentialAction\":[{\"@type\":\"ReadAction\",\"target\":[\"https:\/\/geistconsultancy.com\/de\/dienstleistungen\/definition-der-wissensziele\"]}]},{\"@type\":\"BreadcrumbList\",\"@id\":\"https:\/\/geistconsultancy.com\/de\/dienstleistungen\/definition-der-wissensziele#breadcrumb\",\"itemListElement\":[{\"@type\":\"ListItem\",\"position\":1,\"name\":\"Portada\",\"item\":\"https:\/\/geistconsultancy.com\/de\"},{\"@type\":\"ListItem\",\"position\":2,\"name\":\"Dienstleistungen\",\"item\":\"https:\/\/geistconsultancy.com\/de\/dienstleistungen\"},{\"@type\":\"ListItem\",\"position\":3,\"name\":\"Definition der Wissensziele\"}]},{\"@type\":\"WebSite\",\"@id\":\"https:\/\/geistconsultancy.com\/#website\",\"url\":\"https:\/\/geistconsultancy.com\/\",\"name\":\"GEIST Consultancy\",\"description\":\"Gesti\u00f3n de activos intangibles\",\"potentialAction\":[{\"@type\":\"SearchAction\",\"target\":{\"@type\":\"EntryPoint\",\"urlTemplate\":\"https:\/\/geistconsultancy.com\/?s={search_term_string}\"},\"query-input\":\"required name=search_term_string\"}],\"inLanguage\":\"de\"}]}<\/script>\n<!-- \/ Yoast SEO plugin. -->","yoast_head_json":{"title":"Definition der Ziele | Wissensmanagement","description":"Die Schl\u00fcssel zum Verst\u00e4ndnis der Rolle, die das Wissen bei der Erzielung von Wettbewerbsvorteilen spielt, die das nachhaltige Wachstum der Organisation sicherstellen","robots":{"index":"index","follow":"follow","max-snippet":"max-snippet:-1","max-image-preview":"max-image-preview:large","max-video-preview":"max-video-preview:-1"},"canonical":"https:\/\/geistconsultancy.com\/de\/dienstleistungen\/definition-der-wissensziele","og_locale":"de_DE","og_type":"article","og_title":"Definition der Ziele | Wissensmanagement","og_description":"Die Schl\u00fcssel zum Verst\u00e4ndnis der Rolle, die das Wissen bei der Erzielung von Wettbewerbsvorteilen spielt, die das nachhaltige Wachstum der Organisation sicherstellen","og_url":"https:\/\/geistconsultancy.com\/de\/dienstleistungen\/definition-der-wissensziele","og_site_name":"GEIST Consultancy","article_modified_time":"2021-07-12T17:11:31+00:00","twitter_card":"summary_large_image","twitter_misc":{"Gesch\u00e4tzte Lesezeit":"3\u00a0Minuten"},"schema":{"@context":"https:\/\/schema.org","@graph":[{"@type":"WebPage","@id":"https:\/\/geistconsultancy.com\/de\/dienstleistungen\/definition-der-wissensziele","url":"https:\/\/geistconsultancy.com\/de\/dienstleistungen\/definition-der-wissensziele","name":"Definition der Ziele | Wissensmanagement","isPartOf":{"@id":"https:\/\/geistconsultancy.com\/#website"},"datePublished":"2021-01-07T15:09:11+00:00","dateModified":"2021-07-12T17:11:31+00:00","description":"Die Schl\u00fcssel zum Verst\u00e4ndnis der Rolle, die das Wissen bei der Erzielung von Wettbewerbsvorteilen spielt, die das nachhaltige Wachstum der Organisation sicherstellen","breadcrumb":{"@id":"https:\/\/geistconsultancy.com\/de\/dienstleistungen\/definition-der-wissensziele#breadcrumb"},"inLanguage":"de","potentialAction":[{"@type":"ReadAction","target":["https:\/\/geistconsultancy.com\/de\/dienstleistungen\/definition-der-wissensziele"]}]},{"@type":"BreadcrumbList","@id":"https:\/\/geistconsultancy.com\/de\/dienstleistungen\/definition-der-wissensziele#breadcrumb","itemListElement":[{"@type":"ListItem","position":1,"name":"Portada","item":"https:\/\/geistconsultancy.com\/de"},{"@type":"ListItem","position":2,"name":"Dienstleistungen","item":"https:\/\/geistconsultancy.com\/de\/dienstleistungen"},{"@type":"ListItem","position":3,"name":"Definition der Wissensziele"}]},{"@type":"WebSite","@id":"https:\/\/geistconsultancy.com\/#website","url":"https:\/\/geistconsultancy.com\/","name":"GEIST Consultancy","description":"Gesti\u00f3n de activos intangibles","potentialAction":[{"@type":"SearchAction","target":{"@type":"EntryPoint","urlTemplate":"https:\/\/geistconsultancy.com\/?s={search_term_string}"},"query-input":"required name=search_term_string"}],"inLanguage":"de"}]}},"_links":{"self":[{"href":"https:\/\/geistconsultancy.com\/de\/wp-json\/wp\/v2\/pages\/3061"}],"collection":[{"href":"https:\/\/geistconsultancy.com\/de\/wp-json\/wp\/v2\/pages"}],"about":[{"href":"https:\/\/geistconsultancy.com\/de\/wp-json\/wp\/v2\/types\/page"}],"author":[{"embeddable":true,"href":"https:\/\/geistconsultancy.com\/de\/wp-json\/wp\/v2\/users\/2"}],"replies":[{"embeddable":true,"href":"https:\/\/geistconsultancy.com\/de\/wp-json\/wp\/v2\/comments?post=3061"}],"version-history":[{"count":6,"href":"https:\/\/geistconsultancy.com\/de\/wp-json\/wp\/v2\/pages\/3061\/revisions"}],"predecessor-version":[{"id":3400,"href":"https:\/\/geistconsultancy.com\/de\/wp-json\/wp\/v2\/pages\/3061\/revisions\/3400"}],"up":[{"embeddable":true,"href":"https:\/\/geistconsultancy.com\/de\/wp-json\/wp\/v2\/pages\/3057"}],"wp:attachment":[{"href":"https:\/\/geistconsultancy.com\/de\/wp-json\/wp\/v2\/media?parent=3061"}],"curies":[{"name":"wp","href":"https:\/\/api.w.org\/{rel}","templated":true}]}}