{"id":3057,"date":"2021-01-07T15:52:18","date_gmt":"2021-01-07T14:52:18","guid":{"rendered":"https:\/\/geistconsultancy.com\/servicios"},"modified":"2021-07-12T19:09:36","modified_gmt":"2021-07-12T17:09:36","slug":"dienstleistungen","status":"publish","type":"page","link":"https:\/\/geistconsultancy.com\/de\/dienstleistungen","title":{"rendered":"Dienstleistungen"},"content":{"rendered":"<section class=\"wpb-content-wrapper\"><p>[vc_row max_width=&#8221;800&#8243; textalign=&#8221;align_center&#8221; nav_skin=&#8221;light&#8221; consent_include=&#8221;include&#8221; el_design=&#8221;{&#8220;mobile_portrait&#8220;:{&#8220;padding-top&#8220;:&#8220;125&#8220;},&#8220;mobile_landscape&#8220;:{&#8220;padding-top&#8220;:&#8220;125&#8220;},&#8220;tablet_portrait&#8220;:{&#8220;padding-top&#8220;:&#8220;170&#8220;},&#8220;tablet_landscape&#8220;:{&#8220;padding-top&#8220;:&#8220;150&#8220;},&#8220;desktop&#8220;:{&#8220;padding-top&#8220;:&#8220;200&#8220;}}&#8221; custom_bg_color=&#8221;{&#8220;solid&#8220;:{&#8220;id&#8220;:&#8220;Light background&#8220;,&#8220;color&#8220;:&#8220;#f9fafb&#8220;}}&#8221;][vc_column el_design=&#8221;{&#8220;desktop&#8220;:{&#8220;padding-top&#8220;:&#8220;0&#8220;,&#8220;padding-right&#8220;:&#8220;15&#8220;,&#8220;padding-bottom&#8220;:&#8220;15&#8220;,&#8220;padding-left&#8220;:&#8220;15&#8220;}}&#8221; css_animation=&#8221;&#8221;][vc_heading heading_text=&#8221;Dienstleistungen&#8221; heading_wrapper=&#8221;h1&#8243; heading_typography=&#8221;{&#8220;variants&#8220;:&#8220;200&#8220;,&#8220;font_size&#8220;:&#8220;40px&#8220;}&#8221; css_animation=&#8221;&#8221;][vc_empty_space][vc_text_element css_animation=&#8221;&#8221;]Bei GEIST unterst\u00fctzen wir unsere Kunden in allen Phasen des Wissensmanagement-Prozesses: von der Durchf\u00fchrung von F\u00fchrungskr\u00e4fte-Workshops zur Definition von Wissenszielen \u00fcber die Entwicklung von Kompetenzmodellen und -profilen bis hin zum Recruiting f\u00fcr die Talentgewinnung und der Mitarbeiterschulung f\u00fcr die Wissensentwicklung und den Wissenstransfer.[\/vc_text_element][\/vc_column][\/vc_row][vc_row nav_skin=&#8221;light&#8221; consent_include=&#8221;include&#8221; custom_bg_color=&#8221;{&#8220;solid&#8220;:{&#8220;id&#8220;:&#8220;Light background&#8220;,&#8220;color&#8220;:&#8220;#f9fafb&#8220;}}&#8221; el_design=&#8221;{&#8220;desktop&#8220;:{&#8220;padding-top&#8220;:&#8220;0&#8220;,&#8220;padding-bottom&#8220;:&#8220;80&#8220;}}&#8221;][vc_column css_animation=&#8221;&#8221;][vc_row_inner consent_include=&#8221;include&#8221;][vc_column_inner width=&#8221;1\/4&#8243; css_animation=&#8221;&#8221;][vc_banner style=&#8221;style_2&#8243; hover=&#8221;shift&#8221; radius=&#8221;3&#8243; min_height=&#8221;120&#8243; image=&#8221;2366&#8243; title_text=&#8221;Definition der Wissensziele&#8221; title_wrapper=&#8221;h2&#8243; title_typography=&#8221;{&#8220;variants&#8220;:&#8220;700&#8220;,&#8220;transform&#8220;:&#8220;uppercase&#8220;,&#8220;font_size&#8220;:&#8220;20px&#8220;,&#8220;letter_spacing&#8220;:&#8220;0.1px&#8220;}&#8221; subtitle_text=&#8221;&#8221; subtitle_wrapper=&#8221;div&#8221; button_text=&#8221;Mehr erfahren&#8221; preloader=&#8221;&#8221; css_animation=&#8221;wtbx-anim-scale-up&#8221; css_animation_easing=&#8221;wtbx_easing-natural&#8221; css_animation_duration=&#8221;wtbx-duration-1000&#8243; css_animation_delay=&#8221;&#8221; title_color=&#8221;{&#8220;id&#8220;:&#8220;custom_1141411115464664&#8220;,&#8220;color&#8220;:&#8220;#ffffff&#8220;}&#8221; link=&#8221;url:%2Fde%2Fdienstleistungen%2Fdefinition-der-wissensziele%2F|title:Definition%20der%20Wissensziele&#8221; overlay=&#8221;{&#8220;dir&#8220;:&#8220;135deg&#8220;,&#8220;from&#8220;:{&#8220;id&#8220;:&#8220;custom_color&#8220;,&#8220;color&#8220;:&#8220;rgba(163,33,146,0.6)&#8220;},&#8220;to&#8220;:{&#8220;id&#8220;:&#8220;custom_color&#8220;,&#8220;color&#8220;:&#8220;rgba(52,53,72,0.4)&#8220;}}&#8221;][\/vc_column_inner][vc_column_inner width=&#8221;1\/4&#8243; css_animation=&#8221;&#8221;][vc_banner style=&#8221;style_2&#8243; hover=&#8221;shift&#8221; radius=&#8221;3&#8243; min_height=&#8221;120&#8243; image=&#8221;2369&#8243; title_text=&#8221;Identifikation von Wissensbest\u00e4nden&#8221; title_wrapper=&#8221;h2&#8243; title_typography=&#8221;{&#8220;variants&#8220;:&#8220;700&#8220;,&#8220;transform&#8220;:&#8220;uppercase&#8220;,&#8220;font_size&#8220;:&#8220;16px&#8220;,&#8220;letter_spacing&#8220;:&#8220;0.1px&#8220;}&#8221; subtitle_text=&#8221;&#8221; subtitle_wrapper=&#8221;div&#8221; button_text=&#8221;Mehr erfahren&#8221; preloader=&#8221;&#8221; css_animation=&#8221;wtbx-anim-scale-up&#8221; css_animation_easing=&#8221;wtbx_easing-natural&#8221; css_animation_duration=&#8221;wtbx-duration-1100&#8243; css_animation_delay=&#8221;wtbx-delay-100&#8243; title_color=&#8221;{&#8220;id&#8220;:&#8220;custom_1141411115464664&#8220;,&#8220;color&#8220;:&#8220;#ffffff&#8220;}&#8221; link=&#8221;url:%2Fde%2Fdienstleistungen%2Fidentifikation-von-wissensbestaenden%2F|title:Identifikation%20von%20Wissensbest%C3%A4nden&#8221; overlay=&#8221;{&#8220;dir&#8220;:&#8220;135deg&#8220;,&#8220;from&#8220;:{&#8220;id&#8220;:&#8220;custom_color&#8220;,&#8220;color&#8220;:&#8220;rgba(237,64,60,0.6)&#8220;},&#8220;to&#8220;:{&#8220;id&#8220;:&#8220;custom_color&#8220;,&#8220;color&#8220;:&#8220;rgba(52,53,72,0.4)&#8220;}}&#8221;][\/vc_column_inner][vc_column_inner width=&#8221;1\/4&#8243; css_animation=&#8221;&#8221;][vc_banner style=&#8221;style_2&#8243; hover=&#8221;shift&#8221; radius=&#8221;3&#8243; min_height=&#8221;120&#8243; image=&#8221;2372&#8243; title_text=&#8221;Wissenserwerb \/ -gewinnung&#8221; title_wrapper=&#8221;h2&#8243; title_typography=&#8221;{&#8220;variants&#8220;:&#8220;700&#8220;,&#8220;transform&#8220;:&#8220;uppercase&#8220;,&#8220;font_size&#8220;:&#8220;20px&#8220;,&#8220;letter_spacing&#8220;:&#8220;0.1px&#8220;}&#8221; subtitle_text=&#8221;&#8221; subtitle_wrapper=&#8221;div&#8221; button_text=&#8221;Mehr erfahren&#8221; preloader=&#8221;&#8221; css_animation=&#8221;wtbx-anim-scale-up&#8221; css_animation_easing=&#8221;wtbx_easing-natural&#8221; css_animation_duration=&#8221;wtbx-duration-1100&#8243; css_animation_delay=&#8221;wtbx-delay-100&#8243; title_color=&#8221;{&#8220;id&#8220;:&#8220;custom_1141411115464664&#8220;,&#8220;color&#8220;:&#8220;#ffffff&#8220;}&#8221; link=&#8221;url:%2Fde%2Fdienstleistungen%2Fwissenserwerb-gewinnung%2F|title:Wissenserwerb%20%2F%20-gewinnung&#8221; overlay=&#8221;{&#8220;dir&#8220;:&#8220;135deg&#8220;,&#8220;from&#8220;:{&#8220;id&#8220;:&#8220;custom_color&#8220;,&#8220;color&#8220;:&#8220;rgba(248,165,27,0.6)&#8220;},&#8220;to&#8220;:{&#8220;id&#8220;:&#8220;custom_color&#8220;,&#8220;color&#8220;:&#8220;rgba(52,53,72,0.4)&#8220;}}&#8221;][\/vc_column_inner][vc_column_inner width=&#8221;1\/4&#8243; css_animation=&#8221;&#8221;][vc_banner style=&#8221;style_2&#8243; hover=&#8221;shift&#8221; radius=&#8221;3&#8243; min_height=&#8221;120&#8243; image=&#8221;2375&#8243; title_text=&#8221;Wissensaufbau \/ -entwicklung&#8221; title_wrapper=&#8221;h2&#8243; title_typography=&#8221;{&#8220;variants&#8220;:&#8220;700&#8220;,&#8220;transform&#8220;:&#8220;uppercase&#8220;,&#8220;font_size&#8220;:&#8220;17px&#8220;,&#8220;letter_spacing&#8220;:&#8220;0.1px&#8220;}&#8221; subtitle_text=&#8221;&#8221; subtitle_wrapper=&#8221;div&#8221; button_text=&#8221;Mehr erfahren&#8221; preloader=&#8221;&#8221; css_animation=&#8221;wtbx-anim-scale-up&#8221; css_animation_easing=&#8221;wtbx_easing-natural&#8221; css_animation_duration=&#8221;wtbx-duration-1100&#8243; css_animation_delay=&#8221;wtbx-delay-100&#8243; title_color=&#8221;{&#8220;id&#8220;:&#8220;custom_1141411115464664&#8220;,&#8220;color&#8220;:&#8220;#ffffff&#8220;}&#8221; link=&#8221;url:%2Fde%2Fdienstleistungen%2Fwissensaufbau-entwicklung%2F|title:Wissensaufbau%20%2F%20-entwicklung&#8221; overlay=&#8221;{&#8220;dir&#8220;:&#8220;135deg&#8220;,&#8220;from&#8220;:{&#8220;id&#8220;:&#8220;custom_color&#8220;,&#8220;color&#8220;:&#8220;rgba(113,189,68,0.6)&#8220;},&#8220;to&#8220;:{&#8220;id&#8220;:&#8220;custom_color&#8220;,&#8220;color&#8220;:&#8220;rgba(52,53,72,0.4)&#8220;}}&#8221;][\/vc_column_inner][\/vc_row_inner][vc_row_inner consent_include=&#8221;include&#8221;][vc_column_inner width=&#8221;1\/4&#8243; css_animation=&#8221;&#8221;][vc_banner style=&#8221;style_2&#8243; hover=&#8221;shift&#8221; radius=&#8221;3&#8243; min_height=&#8221;120&#8243; image=&#8221;2378&#8243; title_text=&#8221;Wissensaustausch \/ -verteilung&#8221; title_wrapper=&#8221;h2&#8243; title_typography=&#8221;{&#8220;variants&#8220;:&#8220;700&#8220;,&#8220;transform&#8220;:&#8220;uppercase&#8220;,&#8220;font_size&#8220;:&#8220;17px&#8220;,&#8220;letter_spacing&#8220;:&#8220;0.1px&#8220;}&#8221; subtitle_text=&#8221;&#8221; subtitle_wrapper=&#8221;div&#8221; button_text=&#8221;Mehr erfahren&#8221; preloader=&#8221;&#8221; css_animation=&#8221;wtbx-anim-scale-up&#8221; css_animation_easing=&#8221;wtbx_easing-natural&#8221; css_animation_duration=&#8221;wtbx-duration-1100&#8243; css_animation_delay=&#8221;wtbx-delay-100&#8243; title_color=&#8221;{&#8220;id&#8220;:&#8220;custom_1141411115464664&#8220;,&#8220;color&#8220;:&#8220;#ffffff&#8220;}&#8221; link=&#8221;url:%2Fde%2Fdienstleistungen%2Fwissensaustausch-verteilung%2F|title:Wissensaustausch%20%2F%20-verteilung&#8221; overlay=&#8221;{&#8220;dir&#8220;:&#8220;135deg&#8220;,&#8220;from&#8220;:{&#8220;id&#8220;:&#8220;custom_color&#8220;,&#8220;color&#8220;:&#8220;rgba(0,172,172,0.6)&#8220;},&#8220;to&#8220;:{&#8220;id&#8220;:&#8220;custom_color&#8220;,&#8220;color&#8220;:&#8220;rgba(52,53,72,0.4)&#8220;}}&#8221;][\/vc_column_inner][vc_column_inner width=&#8221;1\/4&#8243; css_animation=&#8221;&#8221;][vc_banner style=&#8221;style_2&#8243; hover=&#8221;shift&#8221; radius=&#8221;3&#8243; min_height=&#8221;120&#8243; image=&#8221;2381&#8243; title_text=&#8221;Nutzung \/ Anwendung von Wissen&#8221; title_wrapper=&#8221;h2&#8243; title_typography=&#8221;{&#8220;variants&#8220;:&#8220;700&#8220;,&#8220;transform&#8220;:&#8220;uppercase&#8220;,&#8220;font_size&#8220;:&#8220;17px&#8220;,&#8220;letter_spacing&#8220;:&#8220;0.1px&#8220;}&#8221; subtitle_text=&#8221;&#8221; subtitle_wrapper=&#8221;div&#8221; button_text=&#8221;Mehr erfahren&#8221; preloader=&#8221;&#8221; css_animation=&#8221;wtbx-anim-scale-up&#8221; css_animation_easing=&#8221;wtbx_easing-natural&#8221; css_animation_duration=&#8221;wtbx-duration-1100&#8243; css_animation_delay=&#8221;wtbx-delay-100&#8243; title_color=&#8221;{&#8220;id&#8220;:&#8220;custom_1141411115464664&#8220;,&#8220;color&#8220;:&#8220;#ffffff&#8220;}&#8221; link=&#8221;url:%2Fde%2Fdienstleistungen%2Fnutzung-anwendung-von-wissen%2F|title:Nutzung%20%2F%20Anwendung%20von%20Wissen&#8221; overlay=&#8221;{&#8220;dir&#8220;:&#8220;135deg&#8220;,&#8220;from&#8220;:{&#8220;id&#8220;:&#8220;custom_color&#8220;,&#8220;color&#8220;:&#8220;rgba(4,101,178,0.6)&#8220;},&#8220;to&#8220;:{&#8220;id&#8220;:&#8220;custom_color&#8220;,&#8220;color&#8220;:&#8220;rgba(52,53,72,0.4)&#8220;}}&#8221;][\/vc_column_inner][vc_column_inner width=&#8221;1\/4&#8243; css_animation=&#8221;&#8221;][vc_banner style=&#8221;style_2&#8243; hover=&#8221;shift&#8221; radius=&#8221;3&#8243; min_height=&#8221;120&#8243; image=&#8221;2384&#8243; title_text=&#8221;Bewahrung von Wissen&#8221; title_wrapper=&#8221;h2&#8243; title_typography=&#8221;{&#8220;variants&#8220;:&#8220;700&#8220;,&#8220;transform&#8220;:&#8220;uppercase&#8220;,&#8220;font_size&#8220;:&#8220;20px&#8220;,&#8220;letter_spacing&#8220;:&#8220;0.1px&#8220;}&#8221; subtitle_text=&#8221;&#8221; subtitle_wrapper=&#8221;div&#8221; button_text=&#8221;Mehr erfahren&#8221; preloader=&#8221;&#8221; css_animation=&#8221;wtbx-anim-scale-up&#8221; css_animation_easing=&#8221;wtbx_easing-natural&#8221; css_animation_duration=&#8221;wtbx-duration-1100&#8243; css_animation_delay=&#8221;wtbx-delay-100&#8243; title_color=&#8221;{&#8220;id&#8220;:&#8220;custom_1141411115464664&#8220;,&#8220;color&#8220;:&#8220;#ffffff&#8220;}&#8221; link=&#8221;url:%2Fde%2Fdienstleistungen%2Fbewahrung-von-wissen|title:Bewahrung%20von%20Wissen&#8221; overlay=&#8221;{&#8220;dir&#8220;:&#8220;135deg&#8220;,&#8220;from&#8220;:{&#8220;id&#8220;:&#8220;custom_color&#8220;,&#8220;color&#8220;:&#8220;rgba(33,64,154,0.6)&#8220;},&#8220;to&#8220;:{&#8220;id&#8220;:&#8220;custom_color&#8220;,&#8220;color&#8220;:&#8220;rgba(52,53,72,0.4)&#8220;}}&#8221;][\/vc_column_inner][vc_column_inner width=&#8221;1\/4&#8243; css_animation=&#8221;&#8221;][vc_banner style=&#8221;style_2&#8243; hover=&#8221;shift&#8221; radius=&#8221;3&#8243; min_height=&#8221;120&#8243; image=&#8221;2387&#8243; title_text=&#8221;Wissensbewertung&#8221; title_wrapper=&#8221;h2&#8243; title_typography=&#8221;{&#8220;variants&#8220;:&#8220;700&#8220;,&#8220;transform&#8220;:&#8220;uppercase&#8220;,&#8220;font_size&#8220;:&#8220;20px&#8220;,&#8220;letter_spacing&#8220;:&#8220;0.1px&#8220;}&#8221; subtitle_text=&#8221;&#8221; subtitle_wrapper=&#8221;div&#8221; button_text=&#8221;Mehr erfahren&#8221; preloader=&#8221;&#8221; css_animation=&#8221;wtbx-anim-scale-up&#8221; css_animation_easing=&#8221;wtbx_easing-natural&#8221; css_animation_duration=&#8221;wtbx-duration-1100&#8243; css_animation_delay=&#8221;wtbx-delay-100&#8243; title_color=&#8221;{&#8220;id&#8220;:&#8220;custom_1141411115464664&#8220;,&#8220;color&#8220;:&#8220;#ffffff&#8220;}&#8221; link=&#8221;url:%2Fde%2Fdienstleistungen%2Fwissensbewertung%2F|title:Wissensbewertung&#8221; overlay=&#8221;{&#8220;dir&#8220;:&#8220;135deg&#8220;,&#8220;from&#8220;:{&#8220;id&#8220;:&#8220;custom_color&#8220;,&#8220;color&#8220;:&#8220;rgba(89,47,147,0.6)&#8220;},&#8220;to&#8220;:{&#8220;id&#8220;:&#8220;custom_color&#8220;,&#8220;color&#8220;:&#8220;rgba(52,53,72,0.4)&#8220;}}&#8221;][\/vc_column_inner][\/vc_row_inner][\/vc_column][\/vc_row][vc_row row_width=&#8221;wtbx_stretch_row_content&#8221; nav_skin=&#8221;light&#8221; consent_include=&#8221;include&#8221;][vc_column el_design=&#8221;{&#8220;desktop&#8220;:{&#8220;padding-top&#8220;:&#8220;0&#8220;,&#8220;padding-right&#8220;:&#8220;0&#8220;,&#8220;padding-bottom&#8220;:&#8220;0&#8220;,&#8220;padding-left&#8220;:&#8220;0&#8220;}}&#8221; css_animation=&#8221;&#8221;][vc_content_block block=&#8221;1076&#8243;][\/vc_column][\/vc_row]<\/p>\n<\/section>","protected":false},"excerpt":{"rendered":"<p>[vc_row max_width=&#8221;800&#8243; textalign=&#8221;align_center&#8221; nav_skin=&#8221;light&#8221; consent_include=&#8221;include&#8221; el_design=&#8221;{&#8220;mobile_portrait&#8220;:{&#8220;padding-top&#8220;:&#8220;125&#8220;},&#8220;mobile_landscape&#8220;:{&#8220;padding-top&#8220;:&#8220;125&#8220;},&#8220;tablet_portrait&#8220;:{&#8220;padding-top&#8220;:&#8220;170&#8220;},&#8220;tablet_landscape&#8220;:{&#8220;padding-top&#8220;:&#8220;150&#8220;},&#8220;desktop&#8220;:{&#8220;padding-top&#8220;:&#8220;200&#8220;}}&#8221; custom_bg_color=&#8221;{&#8220;solid&#8220;:{&#8220;id&#8220;:&#8220;Light background&#8220;,&#8220;color&#8220;:&#8220;#f9fafb&#8220;}}&#8221;][vc_column el_design=&#8221;{&#8220;desktop&#8220;:{&#8220;padding-top&#8220;:&#8220;0&#8220;,&#8220;padding-right&#8220;:&#8220;15&#8220;,&#8220;padding-bottom&#8220;:&#8220;15&#8220;,&#8220;padding-left&#8220;:&#8220;15&#8220;}}&#8221; css_animation=&#8221;&#8221;][vc_heading heading_text=&#8221;Dienstleistungen&#8221; heading_wrapper=&#8221;h1&#8243; heading_typography=&#8221;{&#8220;variants&#8220;:&#8220;200&#8220;,&#8220;font_size&#8220;:&#8220;40px&#8220;}&#8221; css_animation=&#8221;&#8221;][vc_empty_space][vc_text_element css_animation=&#8221;&#8221;]Bei GEIST unterst\u00fctzen wir unsere Kunden in allen Phasen des Wissensmanagement-Prozesses: von der Durchf\u00fchrung von F\u00fchrungskr\u00e4fte-Workshops zur Definition von Wissenszielen \u00fcber die Entwicklung von Kompetenzmodellen und -profilen bis hin zum Recruiting f\u00fcr die Talentgewinnung und der Mitarbeiterschulung f\u00fcr die Wissensentwicklung und den Wissenstransfer.[\/vc_text_element][\/vc_column][\/vc_row][vc_row nav_skin=&#8221;light&#8221; consent_include=&#8221;include&#8221; custom_bg_color=&#8221;{&#8220;solid&#8220;:{&#8220;id&#8220;:&#8220;Light background&#8220;,&#8220;color&#8220;:&#8220;#f9fafb&#8220;}}&#8221; el_design=&#8221;{&#8220;desktop&#8220;:{&#8220;padding-top&#8220;:&#8220;0&#8220;,&#8220;padding-bottom&#8220;:&#8220;80&#8220;}}&#8221;][vc_column css_animation=&#8221;&#8221;][vc_row_inner consent_include=&#8221;include&#8221;][vc_column_inner width=&#8221;1\/4&#8243; css_animation=&#8221;&#8221;][vc_banner style=&#8221;style_2&#8243; hover=&#8221;shift&#8221; radius=&#8221;3&#8243; min_height=&#8221;120&#8243; image=&#8221;2366&#8243; title_text=&#8221;Definition der Wissensziele&#8221; title_wrapper=&#8221;h2&#8243; [&hellip;]<\/p>\n","protected":false},"author":2,"featured_media":0,"parent":0,"menu_order":4,"comment_status":"closed","ping_status":"closed","template":"","meta":{"footnotes":""},"yoast_head":"<!-- This site is optimized with the Yoast SEO plugin v21.5 - https:\/\/yoast.com\/wordpress\/plugins\/seo\/ -->\n<title>Dienstleistungen zur Verbesserung der Leistung Ihres Unternehmens<\/title>\n<meta name=\"description\" content=\"Entwickeln Sie die Wettbewerbsvorteile Ihrer Organisation durch ein systematisches Management ihres wichtigsten Gutes, des Wissens.\" \/>\n<meta name=\"robots\" content=\"index, follow, max-snippet:-1, max-image-preview:large, max-video-preview:-1\" \/>\n<link rel=\"canonical\" href=\"https:\/\/geistconsultancy.com\/de\/dienstleistungen\" \/>\n<meta property=\"og:locale\" content=\"de_DE\" \/>\n<meta property=\"og:type\" content=\"article\" \/>\n<meta property=\"og:title\" content=\"Dienstleistungen zur Verbesserung der Leistung Ihres Unternehmens\" \/>\n<meta property=\"og:description\" content=\"Entwickeln Sie die Wettbewerbsvorteile Ihrer Organisation durch ein systematisches Management ihres wichtigsten Gutes, des Wissens.\" \/>\n<meta property=\"og:url\" content=\"https:\/\/geistconsultancy.com\/de\/dienstleistungen\" \/>\n<meta property=\"og:site_name\" content=\"GEIST Consultancy\" \/>\n<meta property=\"article:modified_time\" content=\"2021-07-12T17:09:36+00:00\" \/>\n<meta name=\"twitter:card\" content=\"summary_large_image\" \/>\n<meta name=\"twitter:label1\" content=\"Gesch\u00e4tzte Lesezeit\" \/>\n\t<meta name=\"twitter:data1\" content=\"2\u00a0Minuten\" \/>\n<script type=\"application\/ld+json\" class=\"yoast-schema-graph\">{\"@context\":\"https:\/\/schema.org\",\"@graph\":[{\"@type\":\"WebPage\",\"@id\":\"https:\/\/geistconsultancy.com\/de\/dienstleistungen\",\"url\":\"https:\/\/geistconsultancy.com\/de\/dienstleistungen\",\"name\":\"Dienstleistungen zur Verbesserung der Leistung Ihres Unternehmens\",\"isPartOf\":{\"@id\":\"https:\/\/geistconsultancy.com\/#website\"},\"datePublished\":\"2021-01-07T14:52:18+00:00\",\"dateModified\":\"2021-07-12T17:09:36+00:00\",\"description\":\"Entwickeln Sie die Wettbewerbsvorteile Ihrer Organisation durch ein systematisches Management ihres wichtigsten Gutes, des Wissens.\",\"breadcrumb\":{\"@id\":\"https:\/\/geistconsultancy.com\/de\/dienstleistungen#breadcrumb\"},\"inLanguage\":\"de\",\"potentialAction\":[{\"@type\":\"ReadAction\",\"target\":[\"https:\/\/geistconsultancy.com\/de\/dienstleistungen\"]}]},{\"@type\":\"BreadcrumbList\",\"@id\":\"https:\/\/geistconsultancy.com\/de\/dienstleistungen#breadcrumb\",\"itemListElement\":[{\"@type\":\"ListItem\",\"position\":1,\"name\":\"Portada\",\"item\":\"https:\/\/geistconsultancy.com\/de\"},{\"@type\":\"ListItem\",\"position\":2,\"name\":\"Dienstleistungen\"}]},{\"@type\":\"WebSite\",\"@id\":\"https:\/\/geistconsultancy.com\/#website\",\"url\":\"https:\/\/geistconsultancy.com\/\",\"name\":\"GEIST Consultancy\",\"description\":\"Gesti\u00f3n de activos intangibles\",\"potentialAction\":[{\"@type\":\"SearchAction\",\"target\":{\"@type\":\"EntryPoint\",\"urlTemplate\":\"https:\/\/geistconsultancy.com\/?s={search_term_string}\"},\"query-input\":\"required name=search_term_string\"}],\"inLanguage\":\"de\"}]}<\/script>\n<!-- \/ Yoast SEO plugin. -->","yoast_head_json":{"title":"Dienstleistungen zur Verbesserung der Leistung Ihres Unternehmens","description":"Entwickeln Sie die Wettbewerbsvorteile Ihrer Organisation durch ein systematisches Management ihres wichtigsten Gutes, des Wissens.","robots":{"index":"index","follow":"follow","max-snippet":"max-snippet:-1","max-image-preview":"max-image-preview:large","max-video-preview":"max-video-preview:-1"},"canonical":"https:\/\/geistconsultancy.com\/de\/dienstleistungen","og_locale":"de_DE","og_type":"article","og_title":"Dienstleistungen zur Verbesserung der Leistung Ihres Unternehmens","og_description":"Entwickeln Sie die Wettbewerbsvorteile Ihrer Organisation durch ein systematisches Management ihres wichtigsten Gutes, des Wissens.","og_url":"https:\/\/geistconsultancy.com\/de\/dienstleistungen","og_site_name":"GEIST Consultancy","article_modified_time":"2021-07-12T17:09:36+00:00","twitter_card":"summary_large_image","twitter_misc":{"Gesch\u00e4tzte Lesezeit":"2\u00a0Minuten"},"schema":{"@context":"https:\/\/schema.org","@graph":[{"@type":"WebPage","@id":"https:\/\/geistconsultancy.com\/de\/dienstleistungen","url":"https:\/\/geistconsultancy.com\/de\/dienstleistungen","name":"Dienstleistungen zur Verbesserung der Leistung Ihres Unternehmens","isPartOf":{"@id":"https:\/\/geistconsultancy.com\/#website"},"datePublished":"2021-01-07T14:52:18+00:00","dateModified":"2021-07-12T17:09:36+00:00","description":"Entwickeln Sie die Wettbewerbsvorteile Ihrer Organisation durch ein systematisches Management ihres wichtigsten Gutes, des Wissens.","breadcrumb":{"@id":"https:\/\/geistconsultancy.com\/de\/dienstleistungen#breadcrumb"},"inLanguage":"de","potentialAction":[{"@type":"ReadAction","target":["https:\/\/geistconsultancy.com\/de\/dienstleistungen"]}]},{"@type":"BreadcrumbList","@id":"https:\/\/geistconsultancy.com\/de\/dienstleistungen#breadcrumb","itemListElement":[{"@type":"ListItem","position":1,"name":"Portada","item":"https:\/\/geistconsultancy.com\/de"},{"@type":"ListItem","position":2,"name":"Dienstleistungen"}]},{"@type":"WebSite","@id":"https:\/\/geistconsultancy.com\/#website","url":"https:\/\/geistconsultancy.com\/","name":"GEIST Consultancy","description":"Gesti\u00f3n de activos intangibles","potentialAction":[{"@type":"SearchAction","target":{"@type":"EntryPoint","urlTemplate":"https:\/\/geistconsultancy.com\/?s={search_term_string}"},"query-input":"required name=search_term_string"}],"inLanguage":"de"}]}},"_links":{"self":[{"href":"https:\/\/geistconsultancy.com\/de\/wp-json\/wp\/v2\/pages\/3057"}],"collection":[{"href":"https:\/\/geistconsultancy.com\/de\/wp-json\/wp\/v2\/pages"}],"about":[{"href":"https:\/\/geistconsultancy.com\/de\/wp-json\/wp\/v2\/types\/page"}],"author":[{"embeddable":true,"href":"https:\/\/geistconsultancy.com\/de\/wp-json\/wp\/v2\/users\/2"}],"replies":[{"embeddable":true,"href":"https:\/\/geistconsultancy.com\/de\/wp-json\/wp\/v2\/comments?post=3057"}],"version-history":[{"count":9,"href":"https:\/\/geistconsultancy.com\/de\/wp-json\/wp\/v2\/pages\/3057\/revisions"}],"predecessor-version":[{"id":3293,"href":"https:\/\/geistconsultancy.com\/de\/wp-json\/wp\/v2\/pages\/3057\/revisions\/3293"}],"wp:attachment":[{"href":"https:\/\/geistconsultancy.com\/de\/wp-json\/wp\/v2\/media?parent=3057"}],"curies":[{"name":"wp","href":"https:\/\/api.w.org\/{rel}","templated":true}]}}