{"id":3048,"date":"2021-03-03T15:38:23","date_gmt":"2021-03-03T14:38:23","guid":{"rendered":"https:\/\/geistconsultancy.com\/wissensmanagement\/glosario"},"modified":"2021-07-12T19:05:45","modified_gmt":"2021-07-12T17:05:45","slug":"glossar","status":"publish","type":"page","link":"https:\/\/geistconsultancy.com\/de\/wissensmanagement\/glossar","title":{"rendered":"Glossar"},"content":{"rendered":"<section class=\"wpb-content-wrapper\"><p>[vc_row max_width=&#8221;800&#8243; textalign=&#8221;align_center&#8221; nav_skin=&#8221;light&#8221; consent_include=&#8221;include&#8221; el_design=&#8221;{&#8220;mobile_portrait&#8220;:{&#8220;padding-top&#8220;:&#8220;125&#8220;},&#8220;mobile_landscape&#8220;:{&#8220;padding-top&#8220;:&#8220;125&#8220;},&#8220;tablet_portrait&#8220;:{&#8220;padding-top&#8220;:&#8220;170&#8220;},&#8220;tablet_landscape&#8220;:{&#8220;padding-top&#8220;:&#8220;150&#8220;},&#8220;desktop&#8220;:{&#8220;padding-top&#8220;:&#8220;200&#8220;}}&#8221; custom_bg_color=&#8221;{&#8220;solid&#8220;:{&#8220;id&#8220;:&#8220;Light background&#8220;,&#8220;color&#8220;:&#8220;#f9fafb&#8220;}}&#8221;][vc_column el_design=&#8221;{&#8220;desktop&#8220;:{&#8220;padding-top&#8220;:&#8220;0&#8220;,&#8220;padding-right&#8220;:&#8220;15&#8220;,&#8220;padding-bottom&#8220;:&#8220;15&#8220;,&#8220;padding-left&#8220;:&#8220;15&#8220;}}&#8221; css_animation=&#8221;&#8221;][vc_heading heading_text=&#8221;Glossar&#8221; heading_wrapper=&#8221;h1&#8243; heading_typography=&#8221;{&#8220;variants&#8220;:&#8220;200&#8220;,&#8220;font_size&#8220;:&#8220;40px&#8220;}&#8221; css_animation=&#8221;&#8221;][vc_empty_space][vc_text_element css_animation=&#8221;&#8221;]Hier werden die wichtigsten Konzepte zum Thema Wissensmanagement vorgestellt, so dass jeder sie versteht.[\/vc_text_element][\/vc_column][\/vc_row][vc_row nav_skin=&#8221;light&#8221; consent_include=&#8221;include&#8221; custom_bg_color=&#8221;{&#8220;solid&#8220;:{&#8220;id&#8220;:&#8220;Light background&#8220;,&#8220;color&#8220;:&#8220;#f9fafb&#8220;}}&#8221; el_design=&#8221;{&#8220;desktop&#8220;:{&#8220;padding-bottom&#8220;:&#8220;80&#8220;}}&#8221;][vc_column css_animation=&#8221;&#8221;][vc_expandable_list style=&#8221;minimal&#8221; skin=&#8221;light&#8221; css_animation=&#8221;&#8221;][vc_expandable_list_item title=&#8221;Newsletter&#8221;][vc_text_element disable_margin=&#8221;yes&#8221; css_animation=&#8221;&#8221;]Auch Rundbrief genannt, ist eine regelm\u00e4\u00dfig erscheinende Publikation, die sich auf ein Hauptthema konzentriert. Es ist ein Kanal, der, wenn er gut genutzt wird, es erm\u00f6glicht, eine Vertrauensbeziehung zum Abonnenten aufzubauen, die die Grundlage f\u00fcr zuk\u00fcnftige Verk\u00e4ufe sein kann und ein Werkzeug, um das gemeinsame Gef\u00fchl der Zugeh\u00f6rigkeit zu einer Gruppe von Menschen zu entwickeln.[\/vc_text_element][\/vc_expandable_list_item][vc_expandable_list_item title=&#8221;Storytelling&#8221;][vc_text_element disable_margin=&#8221;yes&#8221; css_animation=&#8221;&#8221;]Storytelling ist die Verwendung von Beispielen und Geschichten, um Ansprechpartnern Fachwissen, Talente und Interessen zu vermitteln, es hilft Netzwerkern, ihre Expertise zu pr\u00e4sentieren. Netzwerker m\u00fcssen in der Lage sein, die Frage &#8220;Was machen Sie?&#8221; so zu beantworten, dass das Erlebnis sichtbar und einpr\u00e4gsam ist. Business Storytelling beginnt damit, die Bed\u00fcrfnisse des Publikums, das der Netzwerker erreichen m\u00f6chte, zu ber\u00fccksichtigen und zu fragen: Was ist an dem, was ich tue, f\u00fcr mein Publikum am interessantesten? und Was w\u00fcrde sie am meisten interessieren?[\/vc_text_element][\/vc_expandable_list_item][vc_expandable_list_item title=&#8221;Mentoring&#8221;][vc_text_element disable_margin=&#8221;yes&#8221; css_animation=&#8221;&#8221;]Mentoring ist ein Prozess zur informellen Weitergabe von Wissen, sozialem Kapital und psychosozialer Unterst\u00fctzung, der vom Empf\u00e4nger als relevant f\u00fcr die Arbeit, die Karriere oder die berufliche Entwicklung wahrgenommen wird. Mentoring beinhaltet informelle Kommunikation, in der Regel von Mensch zu Mensch und \u00fcber einen l\u00e4ngeren Zeitraum, zwischen einer Person, von der angenommen wird, dass sie \u00fcber mehr Wissen, Weisheit oder relevante Erfahrung verf\u00fcgt (der Mentor) und einer Person, von der angenommen wird, dass sie weniger hat (der Mentee).[\/vc_text_element][\/vc_expandable_list_item][vc_expandable_list_item title=&#8221;Mindmap&#8221;][vc_text_element css_animation=&#8221;&#8221;]Ein Diagramm, das dazu dient, Informationen visuell zu organisieren. Eine Mind Map ist hierarchisch und zeigt Beziehungen zwischen Teilen des Ganzen. Es wird oft um ein einzelnes Konzept herum erstellt, das als Bild in der Mitte einer leeren Seite gezeichnet wird, zu dem assoziierte Darstellungen von Ideen als Bilder, W\u00f6rter und Teile von W\u00f6rtern hinzugef\u00fcgt werden. Die Hauptideen sind direkt mit dem zentralen Konzept verbunden, und andere Ideen verzweigen sich von diesen Hauptideen.[\/vc_text_element][\/vc_expandable_list_item][vc_expandable_list_item title=&#8221;Tandem&#8221; tab_id=&#8221;1617815215549-4-6&#8243;][vc_text_element css_animation=&#8221;&#8221;]Tandem bezieht sich hier auf eine Gruppe von Personen, die zusammenarbeiten, um ein gemeinsames Ziel zu erreichen.[\/vc_text_element][\/vc_expandable_list_item][vc_expandable_list_item title=&#8221;Lessons learnt&#8221; tab_id=&#8221;1617815252172-5-5&#8243;][vc_text_element css_animation=&#8221;&#8221;]Eine gelernte Lektion ist ein aus Erfahrung gewonnenes Wissen oder Verst\u00e4ndnis. Die Erfahrung kann positiv sein, wie z.B. ein erfolgreicher Test oder Einsatz, oder negativ, wie z.B. ein Unfall oder eine St\u00f6rung&#8230; Eine Lektion muss sinnvoll sein, da sie eine reale oder wahrgenommene Auswirkung auf den Betrieb hat; g\u00fcltig, da sie objektiv und technisch korrekt ist; und anwendbar, da sie ein spezifisches Design, einen Prozess oder eine Entscheidung identifiziert, die das Potential f\u00fcr Fehler und Pannen reduziert oder eliminiert oder ein positives Ergebnis verst\u00e4rkt.[\/vc_text_element][\/vc_expandable_list_item][vc_expandable_list_item title=&#8221;Rotation&#8221; tab_id=&#8221;1617815298031-6-0&#8243;][vc_text_element css_animation=&#8221;&#8221;]Rotation ist eine Technik, die verwendet wird, um die Arbeitsaufgaben Ihrer Mitarbeiter w\u00e4hrend ihrer Besch\u00e4ftigung zu wechseln, um ihr Interesse und ihre Motivation zu erhalten.[\/vc_text_element][\/vc_expandable_list_item][vc_expandable_list_item title=&#8221;Kompetenz&#8221; tab_id=&#8221;1617815325429-7-5&#8243;][vc_text_element css_animation=&#8221;&#8221;]Es ist eine nachgewiesene F\u00e4higkeit, Wissen, Fertigkeiten, F\u00e4higkeiten und Talente in einem bestimmten Kontext zu nutzen.[\/vc_text_element][\/vc_expandable_list_item][vc_expandable_list_item title=&#8221;Zukunftswerkstatt&#8221; tab_id=&#8221;1617815375597-8-5&#8243;][vc_text_element css_animation=&#8221;&#8221;]Die von Robert Jungk entwickelte Methode der Zukunftswerkstatt appelliert an die Phantasie und die Willenskraft der Menschen, ihr Leben selbst in die Hand zu nehmen und aktiv an der Gestaltung der Gesellschaft mitzuwirken. Ziel der Zukunftswerkstatt ist es, dass eine Gruppe von Menschen an einem bestimmten Ort und innerhalb eines definierten Zeitraums zusammenkommt, um kreative L\u00f6sungen f\u00fcr bestimmte Probleme zu suchen oder zuk\u00fcnftige Ziele zu definieren. Das Potenzial der Zukunftswerkstatt liegt in der Vernetzung der verschiedenen Ideen und W\u00fcnsche, die in jedem von uns vorhanden sind.[\/vc_text_element][\/vc_expandable_list_item][\/vc_expandable_list][\/vc_column][\/vc_row][vc_row row_width=&#8221;wtbx_stretch_row_content&#8221; nav_skin=&#8221;light&#8221; consent_include=&#8221;include&#8221;][vc_column el_design=&#8221;{&#8220;desktop&#8220;:{&#8220;padding-top&#8220;:&#8220;0&#8220;,&#8220;padding-right&#8220;:&#8220;0&#8220;,&#8220;padding-bottom&#8220;:&#8220;0&#8220;,&#8220;padding-left&#8220;:&#8220;0&#8220;}}&#8221; css_animation=&#8221;&#8221;][vc_content_block block=&#8221;1076&#8243;][\/vc_column][\/vc_row]<\/p>\n<\/section>","protected":false},"excerpt":{"rendered":"<p>[vc_row max_width=&#8221;800&#8243; textalign=&#8221;align_center&#8221; nav_skin=&#8221;light&#8221; consent_include=&#8221;include&#8221; el_design=&#8221;{&#8220;mobile_portrait&#8220;:{&#8220;padding-top&#8220;:&#8220;125&#8220;},&#8220;mobile_landscape&#8220;:{&#8220;padding-top&#8220;:&#8220;125&#8220;},&#8220;tablet_portrait&#8220;:{&#8220;padding-top&#8220;:&#8220;170&#8220;},&#8220;tablet_landscape&#8220;:{&#8220;padding-top&#8220;:&#8220;150&#8220;},&#8220;desktop&#8220;:{&#8220;padding-top&#8220;:&#8220;200&#8220;}}&#8221; custom_bg_color=&#8221;{&#8220;solid&#8220;:{&#8220;id&#8220;:&#8220;Light background&#8220;,&#8220;color&#8220;:&#8220;#f9fafb&#8220;}}&#8221;][vc_column el_design=&#8221;{&#8220;desktop&#8220;:{&#8220;padding-top&#8220;:&#8220;0&#8220;,&#8220;padding-right&#8220;:&#8220;15&#8220;,&#8220;padding-bottom&#8220;:&#8220;15&#8220;,&#8220;padding-left&#8220;:&#8220;15&#8220;}}&#8221; css_animation=&#8221;&#8221;][vc_heading heading_text=&#8221;Glossar&#8221; heading_wrapper=&#8221;h1&#8243; heading_typography=&#8221;{&#8220;variants&#8220;:&#8220;200&#8220;,&#8220;font_size&#8220;:&#8220;40px&#8220;}&#8221; css_animation=&#8221;&#8221;][vc_empty_space][vc_text_element css_animation=&#8221;&#8221;]Hier werden die wichtigsten Konzepte zum Thema Wissensmanagement vorgestellt, so dass jeder sie versteht.[\/vc_text_element][\/vc_column][\/vc_row][vc_row nav_skin=&#8221;light&#8221; consent_include=&#8221;include&#8221; custom_bg_color=&#8221;{&#8220;solid&#8220;:{&#8220;id&#8220;:&#8220;Light background&#8220;,&#8220;color&#8220;:&#8220;#f9fafb&#8220;}}&#8221; el_design=&#8221;{&#8220;desktop&#8220;:{&#8220;padding-bottom&#8220;:&#8220;80&#8220;}}&#8221;][vc_column css_animation=&#8221;&#8221;][vc_expandable_list style=&#8221;minimal&#8221; skin=&#8221;light&#8221; css_animation=&#8221;&#8221;][vc_expandable_list_item title=&#8221;Newsletter&#8221;][vc_text_element disable_margin=&#8221;yes&#8221; css_animation=&#8221;&#8221;]Auch Rundbrief genannt, ist eine regelm\u00e4\u00dfig erscheinende Publikation, die sich auf ein Hauptthema konzentriert. Es ist ein Kanal, der, wenn er gut genutzt wird, es erm\u00f6glicht, eine Vertrauensbeziehung zum Abonnenten aufzubauen, die die Grundlage f\u00fcr zuk\u00fcnftige [&hellip;]<\/p>\n","protected":false},"author":2,"featured_media":0,"parent":3026,"menu_order":3,"comment_status":"closed","ping_status":"closed","template":"","meta":{"footnotes":""},"yoast_head":"<!-- This site is optimized with the Yoast SEO plugin v21.5 - https:\/\/yoast.com\/wordpress\/plugins\/seo\/ -->\n<title>Kennen Sie das Vokabular des Wissensmanagements<\/title>\n<meta name=\"description\" content=\"Sammlung von Definitionen oder Erkl\u00e4rungen von Fachbegriffen aus dem Bereich des organisatorischen und pers\u00f6nlichen Wissensmanagements\" \/>\n<meta name=\"robots\" content=\"index, follow, max-snippet:-1, max-image-preview:large, max-video-preview:-1\" \/>\n<link rel=\"canonical\" href=\"https:\/\/geistconsultancy.com\/de\/wissensmanagement\/glossar\" \/>\n<meta property=\"og:locale\" content=\"de_DE\" \/>\n<meta property=\"og:type\" content=\"article\" \/>\n<meta property=\"og:title\" content=\"Kennen Sie das Vokabular des Wissensmanagements\" \/>\n<meta property=\"og:description\" content=\"Sammlung von Definitionen oder Erkl\u00e4rungen von Fachbegriffen aus dem Bereich des organisatorischen und pers\u00f6nlichen Wissensmanagements\" \/>\n<meta property=\"og:url\" content=\"https:\/\/geistconsultancy.com\/de\/wissensmanagement\/glossar\" \/>\n<meta property=\"og:site_name\" content=\"GEIST Consultancy\" \/>\n<meta property=\"article:modified_time\" content=\"2021-07-12T17:05:45+00:00\" \/>\n<meta name=\"twitter:card\" content=\"summary_large_image\" \/>\n<meta name=\"twitter:label1\" content=\"Gesch\u00e4tzte Lesezeit\" \/>\n\t<meta name=\"twitter:data1\" content=\"3\u00a0Minuten\" \/>\n<script type=\"application\/ld+json\" class=\"yoast-schema-graph\">{\"@context\":\"https:\/\/schema.org\",\"@graph\":[{\"@type\":\"WebPage\",\"@id\":\"https:\/\/geistconsultancy.com\/de\/wissensmanagement\/glossar\",\"url\":\"https:\/\/geistconsultancy.com\/de\/wissensmanagement\/glossar\",\"name\":\"Kennen Sie das Vokabular des Wissensmanagements\",\"isPartOf\":{\"@id\":\"https:\/\/geistconsultancy.com\/#website\"},\"datePublished\":\"2021-03-03T14:38:23+00:00\",\"dateModified\":\"2021-07-12T17:05:45+00:00\",\"description\":\"Sammlung von Definitionen oder Erkl\u00e4rungen von Fachbegriffen aus dem Bereich des organisatorischen und pers\u00f6nlichen Wissensmanagements\",\"breadcrumb\":{\"@id\":\"https:\/\/geistconsultancy.com\/de\/wissensmanagement\/glossar#breadcrumb\"},\"inLanguage\":\"de\",\"potentialAction\":[{\"@type\":\"ReadAction\",\"target\":[\"https:\/\/geistconsultancy.com\/de\/wissensmanagement\/glossar\"]}]},{\"@type\":\"BreadcrumbList\",\"@id\":\"https:\/\/geistconsultancy.com\/de\/wissensmanagement\/glossar#breadcrumb\",\"itemListElement\":[{\"@type\":\"ListItem\",\"position\":1,\"name\":\"Portada\",\"item\":\"https:\/\/geistconsultancy.com\/de\"},{\"@type\":\"ListItem\",\"position\":2,\"name\":\"Wissensmanagement\",\"item\":\"https:\/\/geistconsultancy.com\/de\/wissensmanagement\"},{\"@type\":\"ListItem\",\"position\":3,\"name\":\"Glossar\"}]},{\"@type\":\"WebSite\",\"@id\":\"https:\/\/geistconsultancy.com\/#website\",\"url\":\"https:\/\/geistconsultancy.com\/\",\"name\":\"GEIST Consultancy\",\"description\":\"Gesti\u00f3n de activos intangibles\",\"potentialAction\":[{\"@type\":\"SearchAction\",\"target\":{\"@type\":\"EntryPoint\",\"urlTemplate\":\"https:\/\/geistconsultancy.com\/?s={search_term_string}\"},\"query-input\":\"required name=search_term_string\"}],\"inLanguage\":\"de\"}]}<\/script>\n<!-- \/ Yoast SEO plugin. -->","yoast_head_json":{"title":"Kennen Sie das Vokabular des Wissensmanagements","description":"Sammlung von Definitionen oder Erkl\u00e4rungen von Fachbegriffen aus dem Bereich des organisatorischen und pers\u00f6nlichen Wissensmanagements","robots":{"index":"index","follow":"follow","max-snippet":"max-snippet:-1","max-image-preview":"max-image-preview:large","max-video-preview":"max-video-preview:-1"},"canonical":"https:\/\/geistconsultancy.com\/de\/wissensmanagement\/glossar","og_locale":"de_DE","og_type":"article","og_title":"Kennen Sie das Vokabular des Wissensmanagements","og_description":"Sammlung von Definitionen oder Erkl\u00e4rungen von Fachbegriffen aus dem Bereich des organisatorischen und pers\u00f6nlichen Wissensmanagements","og_url":"https:\/\/geistconsultancy.com\/de\/wissensmanagement\/glossar","og_site_name":"GEIST Consultancy","article_modified_time":"2021-07-12T17:05:45+00:00","twitter_card":"summary_large_image","twitter_misc":{"Gesch\u00e4tzte Lesezeit":"3\u00a0Minuten"},"schema":{"@context":"https:\/\/schema.org","@graph":[{"@type":"WebPage","@id":"https:\/\/geistconsultancy.com\/de\/wissensmanagement\/glossar","url":"https:\/\/geistconsultancy.com\/de\/wissensmanagement\/glossar","name":"Kennen Sie das Vokabular des Wissensmanagements","isPartOf":{"@id":"https:\/\/geistconsultancy.com\/#website"},"datePublished":"2021-03-03T14:38:23+00:00","dateModified":"2021-07-12T17:05:45+00:00","description":"Sammlung von Definitionen oder Erkl\u00e4rungen von Fachbegriffen aus dem Bereich des organisatorischen und pers\u00f6nlichen Wissensmanagements","breadcrumb":{"@id":"https:\/\/geistconsultancy.com\/de\/wissensmanagement\/glossar#breadcrumb"},"inLanguage":"de","potentialAction":[{"@type":"ReadAction","target":["https:\/\/geistconsultancy.com\/de\/wissensmanagement\/glossar"]}]},{"@type":"BreadcrumbList","@id":"https:\/\/geistconsultancy.com\/de\/wissensmanagement\/glossar#breadcrumb","itemListElement":[{"@type":"ListItem","position":1,"name":"Portada","item":"https:\/\/geistconsultancy.com\/de"},{"@type":"ListItem","position":2,"name":"Wissensmanagement","item":"https:\/\/geistconsultancy.com\/de\/wissensmanagement"},{"@type":"ListItem","position":3,"name":"Glossar"}]},{"@type":"WebSite","@id":"https:\/\/geistconsultancy.com\/#website","url":"https:\/\/geistconsultancy.com\/","name":"GEIST Consultancy","description":"Gesti\u00f3n de activos intangibles","potentialAction":[{"@type":"SearchAction","target":{"@type":"EntryPoint","urlTemplate":"https:\/\/geistconsultancy.com\/?s={search_term_string}"},"query-input":"required name=search_term_string"}],"inLanguage":"de"}]}},"_links":{"self":[{"href":"https:\/\/geistconsultancy.com\/de\/wp-json\/wp\/v2\/pages\/3048"}],"collection":[{"href":"https:\/\/geistconsultancy.com\/de\/wp-json\/wp\/v2\/pages"}],"about":[{"href":"https:\/\/geistconsultancy.com\/de\/wp-json\/wp\/v2\/types\/page"}],"author":[{"embeddable":true,"href":"https:\/\/geistconsultancy.com\/de\/wp-json\/wp\/v2\/users\/2"}],"replies":[{"embeddable":true,"href":"https:\/\/geistconsultancy.com\/de\/wp-json\/wp\/v2\/comments?post=3048"}],"version-history":[{"count":3,"href":"https:\/\/geistconsultancy.com\/de\/wp-json\/wp\/v2\/pages\/3048\/revisions"}],"predecessor-version":[{"id":3051,"href":"https:\/\/geistconsultancy.com\/de\/wp-json\/wp\/v2\/pages\/3048\/revisions\/3051"}],"up":[{"embeddable":true,"href":"https:\/\/geistconsultancy.com\/de\/wp-json\/wp\/v2\/pages\/3026"}],"wp:attachment":[{"href":"https:\/\/geistconsultancy.com\/de\/wp-json\/wp\/v2\/media?parent=3048"}],"curies":[{"name":"wp","href":"https:\/\/api.w.org\/{rel}","templated":true}]}}