{"id":3016,"date":"2020-12-07T11:46:57","date_gmt":"2020-12-07T10:46:57","guid":{"rendered":"https:\/\/geistconsultancy.com\/nosotros"},"modified":"2021-07-12T18:36:31","modified_gmt":"2021-07-12T16:36:31","slug":"uber-uns","status":"publish","type":"page","link":"https:\/\/geistconsultancy.com\/de\/uber-uns","title":{"rendered":"\u00dcber uns"},"content":{"rendered":"<section class=\"wpb-content-wrapper\"><p>[vc_row content_placement=&#8221;top&#8221; nav_skin=&#8221;light&#8221; consent_include=&#8221;include&#8221; equal_height=&#8221;true&#8221; el_design=&#8221;{&#8220;mobile_portrait&#8220;:{&#8220;padding-top&#8220;:&#8220;125&#8220;},&#8220;mobile_landscape&#8220;:{&#8220;padding-top&#8220;:&#8220;125&#8220;},&#8220;tablet_portrait&#8220;:{&#8220;padding-top&#8220;:&#8220;170&#8220;},&#8220;tablet_landscape&#8220;:{&#8220;padding-top&#8220;:&#8220;150&#8220;},&#8220;desktop&#8220;:{&#8220;padding-top&#8220;:&#8220;200&#8220;,&#8220;padding-bottom&#8220;:&#8220;-&#8220;}}&#8221; custom_bg_color=&#8221;{&#8220;solid&#8220;:{&#8220;id&#8220;:&#8220;Light background&#8220;,&#8220;color&#8220;:&#8220;#f9fafb&#8220;}}&#8221;][vc_column el_design=&#8221;{&#8220;desktop&#8220;:{&#8220;padding-top&#8220;:&#8220;0&#8220;,&#8220;padding-right&#8220;:&#8220;15&#8220;,&#8220;padding-bottom&#8220;:&#8220;15&#8220;,&#8220;padding-left&#8220;:&#8220;15&#8220;}}&#8221; css_animation=&#8221;&#8221;][vc_heading heading_text=&#8221;\u00dcber uns&#8221; heading_wrapper=&#8221;h1&#8243; heading_typography=&#8221;{&#8220;variants&#8220;:&#8220;200&#8220;,&#8220;font_size&#8220;:&#8220;40px&#8220;,&#8220;letter_spacing&#8220;:&#8220;0em&#8220;}&#8221; css_animation=&#8221;&#8221;][\/vc_column][\/vc_row][vc_row content_placement=&#8221;top&#8221; nav_skin=&#8221;light&#8221; consent_include=&#8221;include&#8221; equal_height=&#8221;true&#8221; el_design=&#8221;{&#8220;desktop&#8220;:{&#8220;padding-bottom&#8220;:&#8220;60&#8220;}}&#8221; custom_bg_color=&#8221;{&#8220;solid&#8220;:{&#8220;id&#8220;:&#8220;Light background&#8220;,&#8220;color&#8220;:&#8220;#f9fafb&#8220;}}&#8221;][vc_column width=&#8221;2\/3&#8243; css_animation=&#8221;&#8221;][vc_text_element css_animation=&#8221;&#8221;]GEIST Consultancy wurde 2019 mit dem Ziel gegr\u00fcndet, Organisationen dabei zu unterstuetzen, ihr volles Potenzial zu entfalten, indem sie die wesentlichen Kompetenzen f\u00fcr jede Art von Organisation identifiziert, zum Wissensmanagement beitr\u00e4gt und die in der Organisation vorhandenen Talente in diese Richtung entwickelt.<\/p>\n<p>Seitdem begleiten wir Organisationen, ihr wichtigstes Gut, ihr Wissen, zu verwalten. Dieses Wissen liegt zum Teil in den Personen, die die Organisation bilden. Unsere Hauptaufgabe ist es, Organisationen zu helfen, die strategische Natur ihres Wissens zu verstehen und es bewusst zu managen.[\/vc_text_element][\/vc_column][vc_column width=&#8221;1\/3&#8243; css_animation=&#8221;&#8221;][vc_row_inner consent_include=&#8221;include&#8221;][vc_column_inner width=&#8221;1\/3&#8243; css_animation=&#8221;&#8221;][vc_icon size=&#8221;80px&#8221; cont_size=&#8221;1.1em&#8221; align=&#8221;wtbx_align_center&#8221; css_animation=&#8221;&#8221; icon=&#8221;{&#8220;font&#8220;:&#8220;fontawesome&#8220;,&#8220;icon&#8220;:&#8220;fa fa-quote-right&#8220;}&#8221; icon_color=&#8221;{&#8220;solid&#8220;:{&#8220;id&#8220;:&#8220;Border color&#8220;,&#8220;color&#8220;:&#8220;#ecf0f3&#8220;}}&#8221;][\/vc_column_inner][vc_column_inner width=&#8221;2\/3&#8243; css_animation=&#8221;&#8221;][vc_heading heading_text=&#8221;Wissen schafft Zukunt&#8221; heading_wrapper=&#8221;p&#8221; heading_color=&#8221;{&#8220;solid&#8220;:{&#8220;id&#8220;:&#8220;Dark color&#8220;,&#8220;color&#8220;:&#8220;#171b27&#8220;}}&#8221; heading_typography=&#8221;{&#8220;variants&#8220;:&#8220;200&#8220;,&#8220;font_size&#8220;:&#8220;26px&#8220;,&#8220;line_height&#8220;:&#8220;40px&#8220;,&#8220;letter_spacing&#8220;:&#8220;-0.02px&#8220;}&#8221; css_animation=&#8221;&#8221;][\/vc_column_inner][\/vc_row_inner][\/vc_column][vc_column css_animation=&#8221;&#8221;][vc_image_element image=&#8221;2723&#8243; alignment=&#8221;center&#8221; radius=&#8221;5px&#8221; preloader=&#8221;&#8221; css_animation=&#8221;wtbx-anim-fade-in&#8221; css_animation_easing=&#8221;wtbx_easing-natural&#8221; css_animation_duration=&#8221;wtbx-duration-1000&#8243; css_animation_delay=&#8221;&#8221;][\/vc_column][\/vc_row][vc_row nav_skin=&#8221;light&#8221; consent_include=&#8221;include&#8221; el_design=&#8221;{&#8220;desktop&#8220;:{&#8220;padding-top&#8220;:&#8220;60&#8220;,&#8220;padding-bottom&#8220;:&#8220;60&#8220;}}&#8221;][vc_column el_design=&#8221;{&#8220;mobile_portrait&#8220;:{&#8220;padding-top&#8220;:&#8220;15&#8220;,&#8220;padding-right&#8220;:&#8220;15&#8220;,&#8220;padding-bottom&#8220;:&#8220;15&#8220;,&#8220;padding-left&#8220;:&#8220;15&#8220;},&#8220;mobile_landscape&#8220;:{&#8220;padding-top&#8220;:&#8220;-&#8220;,&#8220;padding-right&#8220;:&#8220;-&#8220;,&#8220;padding-bottom&#8220;:&#8220;-&#8220;,&#8220;padding-left&#8220;:&#8220;-&#8220;},&#8220;desktop&#8220;:{&#8220;padding-top&#8220;:&#8220;15&#8220;,&#8220;padding-right&#8220;:&#8220;15&#8220;,&#8220;padding-bottom&#8220;:&#8220;15&#8220;,&#8220;padding-left&#8220;:&#8220;15&#8220;}}&#8221; width=&#8221;1\/3&#8243; css_animation=&#8221;&#8221; custom_bg_color=&#8221;{&#8220;solid&#8220;:{&#8220;id&#8220;:&#8220;&#8220;,&#8220;color&#8220;:&#8220;&#8220;}}&#8221;][vc_heading heading_text=&#8221;Unsere Mission&#8221; heading_wrapper=&#8221;h3&#8243; style=&#8221;with_line_side&#8221; heading_typography=&#8221;{&#8220;variants&#8220;:&#8220;400&#8220;,&#8220;font_size&#8220;:&#8220;30px&#8220;}&#8221; divider_length=&#8221;30&#8243; divider_thickness=&#8221;2&#8243; space=&#8221;15&#8243; divider_color=&#8221;{&#8220;solid&#8220;:{&#8220;id&#8220;:&#8220;Main accent color&#8220;,&#8220;color&#8220;:&#8220;#8571ea&#8220;}}&#8221; divider_rounded=&#8221;&#8221; responsiveness=&#8221;yes&#8221; tablet_portrait=&#8221;100&#8243; mobile_landscape=&#8221;95&#8243; mobile_portrait=&#8221;90&#8243; css_animation=&#8221;&#8221;][vc_text_element css_animation=&#8221;&#8221;]Bereitstellen von Produkten und Dienstleistungen, um unsere Kunden f\u00fcr die strategische Bedeutung von Wissen zu sensibilisieren, und ihnen dabei zu verhelfen es bewusst, systematisch zu verwalten, um zu lernenden Organisationen zu werden. Unterst\u00fctzt von einem prosperierenden und innovativen Unternehmen, das sich f\u00fcr die Entwicklung seiner Mitarbeiter und der Gesellschaft einsetzt, in der es sich befindet.[\/vc_text_element][\/vc_column][vc_column el_design=&#8221;{&#8220;desktop&#8220;:{&#8220;padding-top&#8220;:&#8220;15&#8220;,&#8220;padding-right&#8220;:&#8220;15&#8220;,&#8220;padding-bottom&#8220;:&#8220;15&#8220;,&#8220;padding-left&#8220;:&#8220;15&#8220;}}&#8221; width=&#8221;1\/3&#8243; css_animation=&#8221;&#8221;][vc_heading heading_text=&#8221;Unsere Vision&#8221; heading_wrapper=&#8221;h3&#8243; style=&#8221;with_line_side&#8221; heading_typography=&#8221;{&#8220;variants&#8220;:&#8220;400&#8220;,&#8220;font_size&#8220;:&#8220;30px&#8220;}&#8221; divider_length=&#8221;30&#8243; divider_thickness=&#8221;2&#8243; space=&#8221;15&#8243; divider_color=&#8221;{&#8220;solid&#8220;:{&#8220;id&#8220;:&#8220;Main accent color&#8220;,&#8220;color&#8220;:&#8220;#8571ea&#8220;}}&#8221; divider_rounded=&#8221;&#8221; responsiveness=&#8221;yes&#8221; tablet_portrait=&#8221;100&#8243; mobile_landscape=&#8221;95&#8243; mobile_portrait=&#8221;90&#8243; css_animation=&#8221;&#8221;][vc_text_element css_animation=&#8221;&#8221;]F\u00fchrend bei der Umsetzung von Lernkulturen auf der Grundlage von Wissensmanagement zu sein, das f\u00fcr seine Qualit\u00e4t und seinen Innovationsgrad anerkannt ist. Die Zufriedenheit unserer Kunden anstreben. Angetrieben von einem vielf\u00e4ltigen Humankapital mit Talent, Erfahrung und hoher Motivation. Immer geleitet von dem Wunsch zu lernen, sich zu verbessern und zu \u00fcberraschen; gegr\u00fcndet auf der Suche nach dauerhaften Beziehungen, die auf Kommunikation und gegenseitigem Vertrauen beruhen.[\/vc_text_element][\/vc_column][vc_column el_design=&#8221;{&#8220;desktop&#8220;:{&#8220;padding-top&#8220;:&#8220;15&#8220;,&#8220;padding-right&#8220;:&#8220;15&#8220;,&#8220;padding-bottom&#8220;:&#8220;15&#8220;,&#8220;padding-left&#8220;:&#8220;15&#8220;}}&#8221; width=&#8221;1\/3&#8243; css_animation=&#8221;&#8221;][vc_heading heading_text=&#8221;Unsere Werte&#8221; heading_wrapper=&#8221;h3&#8243; style=&#8221;with_line_side&#8221; heading_typography=&#8221;{&#8220;variants&#8220;:&#8220;400&#8220;,&#8220;font_size&#8220;:&#8220;30px&#8220;}&#8221; divider_length=&#8221;30&#8243; divider_thickness=&#8221;2&#8243; space=&#8221;15&#8243; divider_color=&#8221;{&#8220;solid&#8220;:{&#8220;id&#8220;:&#8220;Main accent color&#8220;,&#8220;color&#8220;:&#8220;#8571ea&#8220;}}&#8221; divider_rounded=&#8221;&#8221; responsiveness=&#8221;yes&#8221; tablet_portrait=&#8221;100&#8243; mobile_landscape=&#8221;95&#8243; mobile_portrait=&#8221;90&#8243; css_animation=&#8221;&#8221;][vc_text_element css_animation=&#8221;&#8221;]Wir lassen uns von einer direkten, ehrlichen, professionellen und engagierten Handlungsweise leiten, in der die soziale Verantwortung einen herausragenden Platz einnimmt und in der der Respekt vor dem pers\u00f6nlichen Leben und die Vereinbarkeit von Familie und Beruf unumstritten sind.<\/p>\n<p>Wir betrachten kritisches Denken, kontinuierliches Lernen und Beharrlichkeit als unverzichtbare Mittel Wachstum. Wir sehen Talent, Innovation, Qualit\u00e4t und Zusammenarbeit als Schl\u00fcssel zum Erfolg. F\u00fcr uns liegt das Wesen eines jeden Unternehmens in seinen Mitarbeitern und deshalb f\u00f6rdern wir das pers\u00f6nliche und berufliche Wachstum der Menschen, die unsere Organisation ausmachen.[\/vc_text_element][\/vc_column][vc_column css_animation=&#8221;&#8221;][vc_empty_space height=&#8221;15px&#8221;][vc_button_link title=&#8221;Mehr erfahren&#8221; link_decoration=&#8221;underline&#8221; link_arrow=&#8221;arrow_right&#8221; size=&#8221;6&#8243; display=&#8221;display_block&#8221; button_align=&#8221;btn_align_center&#8221; icon_pos=&#8221;icon-left&#8221; css_animation=&#8221;wtbx-anim-fade-in&#8221; css_animation_easing=&#8221;wtbx_easing-natural&#8221; css_animation_duration=&#8221;wtbx-duration-1000&#8243; css_animation_delay=&#8221;&#8221; link=&#8221;url:%2Fde%2Fuber-uns%2Fmission-vision-werte|title:Mission%2C%20Vision%2C%20Werte&#8221; icon=&#8221;{&#8220;font&#8220;:&#8220;scape-basic&#8220;,&#8220;icon&#8220;:&#8220;scape-basic-Add&#8220;}&#8221;][vc_empty_space height=&#8221;15px&#8221;][\/vc_column][\/vc_row][vc_row content_placement=&#8221;top&#8221; nav_skin=&#8221;light&#8221; consent_include=&#8221;include&#8221; equal_height=&#8221;true&#8221; el_design=&#8221;{&#8220;desktop&#8220;:{&#8220;padding-top&#8220;:&#8220;60&#8220;,&#8220;padding-bottom&#8220;:&#8220;60&#8220;}}&#8221; custom_bg_color=&#8221;{&#8220;solid&#8220;:{&#8220;id&#8220;:&#8220;Light background&#8220;,&#8220;color&#8220;:&#8220;#f9fafb&#8220;}}&#8221;][vc_column width=&#8221;2\/3&#8243; css_animation=&#8221;&#8221;][vc_text_element css_animation=&#8221;&#8221;]Wir sind Teil eines Netzwerks von Experten f\u00fcr Wissensmanagement auf europ\u00e4ischer Ebene, was uns den Zugang zu gesammeltem Wissen in allen Aspekten des Wissensmanagements und des Kompetenzmanagements erm\u00f6glicht.[\/vc_text_element][vc_empty_space][vc_row_inner content_placement=&#8221;middle&#8221; consent_include=&#8221;include&#8221; equal_height=&#8221;true&#8221;][vc_column_inner width=&#8221;1\/2&#8243; css_animation=&#8221;&#8221;][vc_image_element image=&#8221;886&#8243; size_type=&#8221;fixed&#8221; alignment=&#8221;center&#8221; image_hover=&#8221;h_shift_up&#8221; img_link=&#8221;page_link&#8221; preloader=&#8221;&#8221; css_animation=&#8221;wtbx-anim-bottom-to-top-small&#8221; css_animation_easing=&#8221;wtbx-easing-easeout&#8221; css_animation_duration=&#8221;wtbx-duration-500&#8243; css_animation_delay=&#8221;wtbx-delay-500&#8243; link=&#8221;url:https%3A%2F%2Fwww.gfwm.de%2F|target:_blank&#8221; size_fixed=&#8221;213&#215;85&#8243;][\/vc_column_inner][vc_column_inner width=&#8221;1\/2&#8243; css_animation=&#8221;&#8221;][vc_image_element image=&#8221;889&#8243; size_type=&#8221;fixed&#8221; alignment=&#8221;center&#8221; image_hover=&#8221;h_shift_up&#8221; img_link=&#8221;page_link&#8221; preloader=&#8221;&#8221; css_animation=&#8221;wtbx-anim-bottom-to-top-small&#8221; css_animation_easing=&#8221;wtbx-easing-easeout&#8221; css_animation_duration=&#8221;wtbx-duration-500&#8243; css_animation_delay=&#8221;wtbx-delay-500&#8243; link=&#8221;url:https%3A%2F%2Fwww.kompetenzenbilanz.de%2F|target:_blank&#8221; size_fixed=&#8221;314&#215;65&#8243;][\/vc_column_inner][\/vc_row_inner][\/vc_column][vc_column width=&#8221;1\/3&#8243; css_animation=&#8221;&#8221;][vc_row_inner consent_include=&#8221;include&#8221;][vc_column_inner width=&#8221;1\/3&#8243; css_animation=&#8221;&#8221;][vc_icon size=&#8221;80px&#8221; cont_size=&#8221;1.1em&#8221; align=&#8221;wtbx_align_center&#8221; css_animation=&#8221;&#8221; icon=&#8221;{&#8220;font&#8220;:&#8220;fontawesome&#8220;,&#8220;icon&#8220;:&#8220;fa fa-quote-right&#8220;}&#8221; icon_color=&#8221;{&#8220;solid&#8220;:{&#8220;id&#8220;:&#8220;Border color&#8220;,&#8220;color&#8220;:&#8220;#ecf0f3&#8220;}}&#8221;][\/vc_column_inner][vc_column_inner width=&#8221;2\/3&#8243; css_animation=&#8221;&#8221;][vc_heading heading_text=&#8221;Zusammenkommen ist ein Anfang, Zusammenbleiben ist ein Fortschritt, Zusammenarbeiten ist ein Erfolg&#8221; heading_wrapper=&#8221;p&#8221; heading_color=&#8221;{&#8220;solid&#8220;:{&#8220;id&#8220;:&#8220;&#8220;,&#8220;color&#8220;:&#8220;&#8220;}}&#8221; heading_typography=&#8221;{&#8220;variants&#8220;:&#8220;200&#8220;,&#8220;font_size&#8220;:&#8220;26px&#8220;,&#8220;line_height&#8220;:&#8220;40px&#8220;,&#8220;letter_spacing&#8220;:&#8220;-0.02px&#8220;}&#8221; css_animation=&#8221;&#8221;][\/vc_column_inner][\/vc_row_inner][\/vc_column][\/vc_row][vc_row row_width=&#8221;wtbx_stretch_row_content&#8221; nav_skin=&#8221;light&#8221; consent_include=&#8221;include&#8221;][vc_column el_design=&#8221;{&#8220;desktop&#8220;:{&#8220;padding-top&#8220;:&#8220;0&#8220;,&#8220;padding-right&#8220;:&#8220;0&#8220;,&#8220;padding-bottom&#8220;:&#8220;0&#8220;,&#8220;padding-left&#8220;:&#8220;0&#8220;}}&#8221; css_animation=&#8221;&#8221;][vc_content_block block=&#8221;1076&#8243;][\/vc_column][\/vc_row]<\/p>\n<\/section>","protected":false},"excerpt":{"rendered":"<p>[vc_row content_placement=&#8221;top&#8221; nav_skin=&#8221;light&#8221; consent_include=&#8221;include&#8221; equal_height=&#8221;true&#8221; el_design=&#8221;{&#8220;mobile_portrait&#8220;:{&#8220;padding-top&#8220;:&#8220;125&#8220;},&#8220;mobile_landscape&#8220;:{&#8220;padding-top&#8220;:&#8220;125&#8220;},&#8220;tablet_portrait&#8220;:{&#8220;padding-top&#8220;:&#8220;170&#8220;},&#8220;tablet_landscape&#8220;:{&#8220;padding-top&#8220;:&#8220;150&#8220;},&#8220;desktop&#8220;:{&#8220;padding-top&#8220;:&#8220;200&#8220;,&#8220;padding-bottom&#8220;:&#8220;-&#8220;}}&#8221; custom_bg_color=&#8221;{&#8220;solid&#8220;:{&#8220;id&#8220;:&#8220;Light background&#8220;,&#8220;color&#8220;:&#8220;#f9fafb&#8220;}}&#8221;][vc_column el_design=&#8221;{&#8220;desktop&#8220;:{&#8220;padding-top&#8220;:&#8220;0&#8220;,&#8220;padding-right&#8220;:&#8220;15&#8220;,&#8220;padding-bottom&#8220;:&#8220;15&#8220;,&#8220;padding-left&#8220;:&#8220;15&#8220;}}&#8221; css_animation=&#8221;&#8221;][vc_heading heading_text=&#8221;\u00dcber uns&#8221; heading_wrapper=&#8221;h1&#8243; heading_typography=&#8221;{&#8220;variants&#8220;:&#8220;200&#8220;,&#8220;font_size&#8220;:&#8220;40px&#8220;,&#8220;letter_spacing&#8220;:&#8220;0em&#8220;}&#8221; css_animation=&#8221;&#8221;][\/vc_column][\/vc_row][vc_row content_placement=&#8221;top&#8221; nav_skin=&#8221;light&#8221; consent_include=&#8221;include&#8221; equal_height=&#8221;true&#8221; el_design=&#8221;{&#8220;desktop&#8220;:{&#8220;padding-bottom&#8220;:&#8220;60&#8220;}}&#8221; custom_bg_color=&#8221;{&#8220;solid&#8220;:{&#8220;id&#8220;:&#8220;Light background&#8220;,&#8220;color&#8220;:&#8220;#f9fafb&#8220;}}&#8221;][vc_column width=&#8221;2\/3&#8243; css_animation=&#8221;&#8221;][vc_text_element css_animation=&#8221;&#8221;]GEIST Consultancy wurde 2019 mit dem Ziel gegr\u00fcndet, Organisationen dabei zu unterstuetzen, ihr volles Potenzial zu entfalten, indem sie die wesentlichen Kompetenzen f\u00fcr jede Art von Organisation identifiziert, zum Wissensmanagement beitr\u00e4gt und die in der Organisation vorhandenen Talente in diese Richtung entwickelt. Seitdem begleiten wir Organisationen, ihr wichtigstes Gut, ihr Wissen, [&hellip;]<\/p>\n","protected":false},"author":2,"featured_media":0,"parent":0,"menu_order":2,"comment_status":"closed","ping_status":"closed","template":"","meta":{"footnotes":""},"yoast_head":"<!-- This site is optimized with the Yoast SEO plugin v21.5 - https:\/\/yoast.com\/wordpress\/plugins\/seo\/ -->\n<title>Wir helfen Ihrer Organisation, ihr Potenzial zu erh\u00f6hen<\/title>\n<meta name=\"description\" content=\"Wir helfen Organisationen, ihr volles Potenzial zu erreichen, indem wir die wesentlichen Kompetenzen f\u00fcr jede Art von Organisation identifizieren\" \/>\n<meta name=\"robots\" content=\"index, follow, max-snippet:-1, max-image-preview:large, max-video-preview:-1\" \/>\n<link rel=\"canonical\" href=\"https:\/\/geistconsultancy.com\/de\/uber-uns\" \/>\n<meta property=\"og:locale\" content=\"de_DE\" \/>\n<meta property=\"og:type\" content=\"article\" \/>\n<meta property=\"og:title\" content=\"Wir helfen Ihrer Organisation, ihr Potenzial zu erh\u00f6hen\" \/>\n<meta property=\"og:description\" content=\"Wir helfen Organisationen, ihr volles Potenzial zu erreichen, indem wir die wesentlichen Kompetenzen f\u00fcr jede Art von Organisation identifizieren\" \/>\n<meta property=\"og:url\" content=\"https:\/\/geistconsultancy.com\/de\/uber-uns\" \/>\n<meta property=\"og:site_name\" content=\"GEIST Consultancy\" \/>\n<meta property=\"article:modified_time\" content=\"2021-07-12T16:36:31+00:00\" \/>\n<meta name=\"twitter:card\" content=\"summary_large_image\" \/>\n<meta name=\"twitter:label1\" content=\"Gesch\u00e4tzte Lesezeit\" \/>\n\t<meta name=\"twitter:data1\" content=\"3\u00a0Minuten\" \/>\n<script type=\"application\/ld+json\" class=\"yoast-schema-graph\">{\"@context\":\"https:\/\/schema.org\",\"@graph\":[{\"@type\":\"WebPage\",\"@id\":\"https:\/\/geistconsultancy.com\/de\/uber-uns\",\"url\":\"https:\/\/geistconsultancy.com\/de\/uber-uns\",\"name\":\"Wir helfen Ihrer Organisation, ihr Potenzial zu erh\u00f6hen\",\"isPartOf\":{\"@id\":\"https:\/\/geistconsultancy.com\/#website\"},\"datePublished\":\"2020-12-07T10:46:57+00:00\",\"dateModified\":\"2021-07-12T16:36:31+00:00\",\"description\":\"Wir helfen Organisationen, ihr volles Potenzial zu erreichen, indem wir die wesentlichen Kompetenzen f\u00fcr jede Art von Organisation identifizieren\",\"breadcrumb\":{\"@id\":\"https:\/\/geistconsultancy.com\/de\/uber-uns#breadcrumb\"},\"inLanguage\":\"de\",\"potentialAction\":[{\"@type\":\"ReadAction\",\"target\":[\"https:\/\/geistconsultancy.com\/de\/uber-uns\"]}]},{\"@type\":\"BreadcrumbList\",\"@id\":\"https:\/\/geistconsultancy.com\/de\/uber-uns#breadcrumb\",\"itemListElement\":[{\"@type\":\"ListItem\",\"position\":1,\"name\":\"Portada\",\"item\":\"https:\/\/geistconsultancy.com\/de\"},{\"@type\":\"ListItem\",\"position\":2,\"name\":\"\u00dcber uns\"}]},{\"@type\":\"WebSite\",\"@id\":\"https:\/\/geistconsultancy.com\/#website\",\"url\":\"https:\/\/geistconsultancy.com\/\",\"name\":\"GEIST Consultancy\",\"description\":\"Gesti\u00f3n de activos intangibles\",\"potentialAction\":[{\"@type\":\"SearchAction\",\"target\":{\"@type\":\"EntryPoint\",\"urlTemplate\":\"https:\/\/geistconsultancy.com\/?s={search_term_string}\"},\"query-input\":\"required name=search_term_string\"}],\"inLanguage\":\"de\"}]}<\/script>\n<!-- \/ Yoast SEO plugin. -->","yoast_head_json":{"title":"Wir helfen Ihrer Organisation, ihr Potenzial zu erh\u00f6hen","description":"Wir helfen Organisationen, ihr volles Potenzial zu erreichen, indem wir die wesentlichen Kompetenzen f\u00fcr jede Art von Organisation identifizieren","robots":{"index":"index","follow":"follow","max-snippet":"max-snippet:-1","max-image-preview":"max-image-preview:large","max-video-preview":"max-video-preview:-1"},"canonical":"https:\/\/geistconsultancy.com\/de\/uber-uns","og_locale":"de_DE","og_type":"article","og_title":"Wir helfen Ihrer Organisation, ihr Potenzial zu erh\u00f6hen","og_description":"Wir helfen Organisationen, ihr volles Potenzial zu erreichen, indem wir die wesentlichen Kompetenzen f\u00fcr jede Art von Organisation identifizieren","og_url":"https:\/\/geistconsultancy.com\/de\/uber-uns","og_site_name":"GEIST Consultancy","article_modified_time":"2021-07-12T16:36:31+00:00","twitter_card":"summary_large_image","twitter_misc":{"Gesch\u00e4tzte Lesezeit":"3\u00a0Minuten"},"schema":{"@context":"https:\/\/schema.org","@graph":[{"@type":"WebPage","@id":"https:\/\/geistconsultancy.com\/de\/uber-uns","url":"https:\/\/geistconsultancy.com\/de\/uber-uns","name":"Wir helfen Ihrer Organisation, ihr Potenzial zu erh\u00f6hen","isPartOf":{"@id":"https:\/\/geistconsultancy.com\/#website"},"datePublished":"2020-12-07T10:46:57+00:00","dateModified":"2021-07-12T16:36:31+00:00","description":"Wir helfen Organisationen, ihr volles Potenzial zu erreichen, indem wir die wesentlichen Kompetenzen f\u00fcr jede Art von Organisation identifizieren","breadcrumb":{"@id":"https:\/\/geistconsultancy.com\/de\/uber-uns#breadcrumb"},"inLanguage":"de","potentialAction":[{"@type":"ReadAction","target":["https:\/\/geistconsultancy.com\/de\/uber-uns"]}]},{"@type":"BreadcrumbList","@id":"https:\/\/geistconsultancy.com\/de\/uber-uns#breadcrumb","itemListElement":[{"@type":"ListItem","position":1,"name":"Portada","item":"https:\/\/geistconsultancy.com\/de"},{"@type":"ListItem","position":2,"name":"\u00dcber uns"}]},{"@type":"WebSite","@id":"https:\/\/geistconsultancy.com\/#website","url":"https:\/\/geistconsultancy.com\/","name":"GEIST Consultancy","description":"Gesti\u00f3n de activos intangibles","potentialAction":[{"@type":"SearchAction","target":{"@type":"EntryPoint","urlTemplate":"https:\/\/geistconsultancy.com\/?s={search_term_string}"},"query-input":"required name=search_term_string"}],"inLanguage":"de"}]}},"_links":{"self":[{"href":"https:\/\/geistconsultancy.com\/de\/wp-json\/wp\/v2\/pages\/3016"}],"collection":[{"href":"https:\/\/geistconsultancy.com\/de\/wp-json\/wp\/v2\/pages"}],"about":[{"href":"https:\/\/geistconsultancy.com\/de\/wp-json\/wp\/v2\/types\/page"}],"author":[{"embeddable":true,"href":"https:\/\/geistconsultancy.com\/de\/wp-json\/wp\/v2\/users\/2"}],"replies":[{"embeddable":true,"href":"https:\/\/geistconsultancy.com\/de\/wp-json\/wp\/v2\/comments?post=3016"}],"version-history":[{"count":5,"href":"https:\/\/geistconsultancy.com\/de\/wp-json\/wp\/v2\/pages\/3016\/revisions"}],"predecessor-version":[{"id":3393,"href":"https:\/\/geistconsultancy.com\/de\/wp-json\/wp\/v2\/pages\/3016\/revisions\/3393"}],"wp:attachment":[{"href":"https:\/\/geistconsultancy.com\/de\/wp-json\/wp\/v2\/media?parent=3016"}],"curies":[{"name":"wp","href":"https:\/\/api.w.org\/{rel}","templated":true}]}}